{"id":85,"date":"2023-12-13T14:59:57","date_gmt":"2023-12-13T14:59:57","guid":{"rendered":"https:\/\/novotel-kayseri.accorv2prod.decms.eu\/?page_id=85"},"modified":"2023-12-18T10:50:53","modified_gmt":"2023-12-18T10:50:53","slug":"nefais-restoran","status":"publish","type":"page","link":"https:\/\/www.novotelkayseri.com\/tr\/nefais-restoran\/","title":{"rendered":"Nefais Restoran"},"content":{"rendered":"<p>Nefais&#8217; in e\u015fsiz lezzetlerini bir araya getirebilmek i\u00e7in T\u00fcrkiye co\u011frafyas\u0131n\u0131 olu\u015fturan 7 b\u00f6lgeyi gezdik. Binlerce y\u0131ll\u0131k ge\u00e7mi\u015fi olan y\u00f6resel lezzetlerimizi sofralar\u0131n\u0131za ta\u015f\u0131mak i\u00e7in y\u00f6re halk\u0131n\u0131n ve yetenekli \u015feflerin \u00f6zg\u00fcn tariflerini ara\u015ft\u0131rd\u0131k.<\/p>\n<p>Yeme\u011fin toprakla ba\u015flay\u0131p ate\u015fle biten yolculu\u011funu birle\u015ftirmek i\u00e7in farkl\u0131 pi\u015firme tekniklerini kulland\u0131k. Yemek k\u00fclt\u00fcr\u00fcm\u00fcz\u00fc yerel gelenek ve g\u00f6reneklerle harmanlamak bizim i\u00e7in \u00e7ok \u00f6nemliydi.<\/p>\n","protected":false},"excerpt":{"rendered":"<p>Nefais&#8217; in e\u015fsiz lezzetlerini bir araya getirebilmek i\u00e7in T\u00fcrkiye co\u011frafyas\u0131n\u0131 olu\u015fturan 7 b\u00f6lgeyi gezdik. Binlerce y\u0131ll\u0131k ge\u00e7mi\u015fi olan y\u00f6resel lezzetlerimizi sofralar\u0131n\u0131za ta\u015f\u0131mak i\u00e7in y\u00f6re halk\u0131n\u0131n ve yetenekli \u015feflerin \u00f6zg\u00fcn tariflerini ara\u015ft\u0131rd\u0131k. Yeme\u011fin toprakla ba\u015flay\u0131p ate\u015fle biten yolculu\u011funu birle\u015ftirmek i\u00e7in farkl\u0131 pi\u015firme tekniklerini kulland\u0131k. Yemek k\u00fclt\u00fcr\u00fcm\u00fcz\u00fc yerel gelenek ve g\u00f6reneklerle harmanlamak bizim i\u00e7in \u00e7ok \u00f6nemliydi.<\/p>\n","protected":false},"author":3,"featured_media":0,"parent":0,"menu_order":20,"comment_status":"closed","ping_status":"closed","template":"template-restaurant.php","meta":{"footnotes":""},"categories":[],"class_list":["post-85","page","type-page","status-publish","hentry"],"acf":[],"yoast_head":"<!-- This site is optimized with the Yoast SEO plugin v26.9 - https:\/\/yoast.com\/product\/yoast-seo-wordpress\/ -->\n<title>Nefais Restoran - Novotel Kayseri -<\/title>\n<meta name=\"description\" content=\"Nefais&#039; in e\u015fsiz lezzetlerini bir araya getirebilmek i\u00e7in T\u00fcrkiye co\u011frafyas\u0131n\u0131 olu\u015fturan 7 b\u00f6lgeyi gezdik. Binlerce y\u0131ll\u0131k ge\u00e7mi\u015fi olan y\u00f6resel lezzetlerimizi sofralar\u0131n\u0131za ta\u015f\u0131mak i\u00e7in y\u00f6re halk\u0131n\u0131n ve yetenekli \u015feflerin \u00f6zg\u00fcn tariflerini ara\u015ft\u0131rd\u0131k.  Yeme\u011fin toprakla ba\u015flay\u0131p ate\u015fle biten yolculu\u011funu birle\u015ftirmek i\u00e7in farkl\u0131 pi\u015firme tekniklerini kulland\u0131k\" \/>\n<meta name=\"robots\" content=\"index, follow, max-snippet:-1, max-image-preview:large, max-video-preview:-1\" \/>\n<link rel=\"canonical\" href=\"https:\/\/www.novotelkayseri.com\/tr\/nefais-restoran\/\" \/>\n<meta property=\"og:locale\" content=\"tr_TR\" \/>\n<meta property=\"og:type\" content=\"article\" \/>\n<meta property=\"og:title\" content=\"Nefais Restoran - Novotel Kayseri -\" \/>\n<meta property=\"og:description\" content=\"Nefais&#039; in e\u015fsiz lezzetlerini bir araya getirebilmek i\u00e7in T\u00fcrkiye co\u011frafyas\u0131n\u0131 olu\u015fturan 7 b\u00f6lgeyi gezdik. Binlerce y\u0131ll\u0131k ge\u00e7mi\u015fi olan y\u00f6resel lezzetlerimizi sofralar\u0131n\u0131za ta\u015f\u0131mak i\u00e7in y\u00f6re halk\u0131n\u0131n ve yetenekli \u015feflerin \u00f6zg\u00fcn tariflerini ara\u015ft\u0131rd\u0131k.  Yeme\u011fin toprakla ba\u015flay\u0131p ate\u015fle biten yolculu\u011funu birle\u015ftirmek i\u00e7in farkl\u0131 pi\u015firme tekniklerini kulland\u0131k\" \/>\n<meta property=\"og:url\" content=\"https:\/\/www.novotelkayseri.com\/tr\/nefais-restoran\/\" \/>\n<meta property=\"og:site_name\" content=\"Novotel Kayseri\" \/>\n<meta property=\"article:modified_time\" content=\"2023-12-18T10:50:53+00:00\" \/>\n<meta property=\"og:image\" content=\"https:\/\/www.novotelkayseri.com\/wp-content\/uploads\/sites\/73\/2023\/12\/novotel_kayseri_home_slide02.jpg\" \/>\n\t<meta property=\"og:image:width\" content=\"2200\" \/>\n\t<meta property=\"og:image:height\" content=\"1200\" \/>\n\t<meta property=\"og:image:type\" content=\"image\/jpeg\" \/>\n<meta name=\"twitter:card\" content=\"summary_large_image\" \/>\n<meta name=\"twitter:label1\" content=\"Tahmini okuma s\u00fcresi\" \/>\n\t<meta name=\"twitter:data1\" content=\"1 dakika\" \/>\n<script type=\"application\/ld+json\" class=\"yoast-schema-graph\">{\"@context\":\"https:\/\/schema.org\",\"@graph\":[{\"@type\":\"WebPage\",\"@id\":\"https:\/\/www.novotelkayseri.com\/tr\/nefais-restoran\/\",\"url\":\"https:\/\/www.novotelkayseri.com\/tr\/nefais-restoran\/\",\"name\":\"Nefais Restoran - Novotel Kayseri -\",\"isPartOf\":{\"@id\":\"https:\/\/www.novotelkayseri.com\/#website\"},\"datePublished\":\"2023-12-13T14:59:57+00:00\",\"dateModified\":\"2023-12-18T10:50:53+00:00\",\"description\":\"Nefais' in e\u015fsiz lezzetlerini bir araya getirebilmek i\u00e7in T\u00fcrkiye co\u011frafyas\u0131n\u0131 olu\u015fturan 7 b\u00f6lgeyi gezdik. Binlerce y\u0131ll\u0131k ge\u00e7mi\u015fi olan y\u00f6resel lezzetlerimizi sofralar\u0131n\u0131za ta\u015f\u0131mak i\u00e7in y\u00f6re halk\u0131n\u0131n ve yetenekli \u015feflerin \u00f6zg\u00fcn tariflerini ara\u015ft\u0131rd\u0131k. Yeme\u011fin toprakla ba\u015flay\u0131p ate\u015fle biten yolculu\u011funu birle\u015ftirmek i\u00e7in farkl\u0131 pi\u015firme tekniklerini kulland\u0131k\",\"breadcrumb\":{\"@id\":\"https:\/\/www.novotelkayseri.com\/tr\/nefais-restoran\/#breadcrumb\"},\"inLanguage\":\"tr\",\"potentialAction\":[{\"@type\":\"ReadAction\",\"target\":[\"https:\/\/www.novotelkayseri.com\/tr\/nefais-restoran\/\"]}]},{\"@type\":\"BreadcrumbList\",\"@id\":\"https:\/\/www.novotelkayseri.com\/tr\/nefais-restoran\/#breadcrumb\",\"itemListElement\":[{\"@type\":\"ListItem\",\"position\":1,\"name\":\"Home\",\"item\":\"https:\/\/www.novotelkayseri.com\/tr\/\"},{\"@type\":\"ListItem\",\"position\":2,\"name\":\"Nefais Restoran\"}]},{\"@type\":\"WebSite\",\"@id\":\"https:\/\/www.novotelkayseri.com\/#website\",\"url\":\"https:\/\/www.novotelkayseri.com\/\",\"name\":\"Novotel Kayseri\",\"description\":\"\",\"potentialAction\":[{\"@type\":\"SearchAction\",\"target\":{\"@type\":\"EntryPoint\",\"urlTemplate\":\"https:\/\/www.novotelkayseri.com\/?s={search_term_string}\"},\"query-input\":{\"@type\":\"PropertyValueSpecification\",\"valueRequired\":true,\"valueName\":\"search_term_string\"}}],\"inLanguage\":\"tr\"}]}<\/script>\n<!-- \/ Yoast SEO plugin. -->","yoast_head_json":{"title":"Nefais Restoran - Novotel Kayseri -","description":"Nefais' in e\u015fsiz lezzetlerini bir araya getirebilmek i\u00e7in T\u00fcrkiye co\u011frafyas\u0131n\u0131 olu\u015fturan 7 b\u00f6lgeyi gezdik. Binlerce y\u0131ll\u0131k ge\u00e7mi\u015fi olan y\u00f6resel lezzetlerimizi sofralar\u0131n\u0131za ta\u015f\u0131mak i\u00e7in y\u00f6re halk\u0131n\u0131n ve yetenekli \u015feflerin \u00f6zg\u00fcn tariflerini ara\u015ft\u0131rd\u0131k.  Yeme\u011fin toprakla ba\u015flay\u0131p ate\u015fle biten yolculu\u011funu birle\u015ftirmek i\u00e7in farkl\u0131 pi\u015firme tekniklerini kulland\u0131k","robots":{"index":"index","follow":"follow","max-snippet":"max-snippet:-1","max-image-preview":"max-image-preview:large","max-video-preview":"max-video-preview:-1"},"canonical":"https:\/\/www.novotelkayseri.com\/tr\/nefais-restoran\/","og_locale":"tr_TR","og_type":"article","og_title":"Nefais Restoran - Novotel Kayseri -","og_description":"Nefais' in e\u015fsiz lezzetlerini bir araya getirebilmek i\u00e7in T\u00fcrkiye co\u011frafyas\u0131n\u0131 olu\u015fturan 7 b\u00f6lgeyi gezdik. Binlerce y\u0131ll\u0131k ge\u00e7mi\u015fi olan y\u00f6resel lezzetlerimizi sofralar\u0131n\u0131za ta\u015f\u0131mak i\u00e7in y\u00f6re halk\u0131n\u0131n ve yetenekli \u015feflerin \u00f6zg\u00fcn tariflerini ara\u015ft\u0131rd\u0131k.  Yeme\u011fin toprakla ba\u015flay\u0131p ate\u015fle biten yolculu\u011funu birle\u015ftirmek i\u00e7in farkl\u0131 pi\u015firme tekniklerini kulland\u0131k","og_url":"https:\/\/www.novotelkayseri.com\/tr\/nefais-restoran\/","og_site_name":"Novotel Kayseri","article_modified_time":"2023-12-18T10:50:53+00:00","og_image":[{"width":2200,"height":1200,"url":"https:\/\/www.novotelkayseri.com\/wp-content\/uploads\/sites\/73\/2023\/12\/novotel_kayseri_home_slide02.jpg","type":"image\/jpeg"}],"twitter_card":"summary_large_image","twitter_misc":{"Tahmini okuma s\u00fcresi":"1 dakika"},"schema":{"@context":"https:\/\/schema.org","@graph":[{"@type":"WebPage","@id":"https:\/\/www.novotelkayseri.com\/tr\/nefais-restoran\/","url":"https:\/\/www.novotelkayseri.com\/tr\/nefais-restoran\/","name":"Nefais Restoran - Novotel Kayseri -","isPartOf":{"@id":"https:\/\/www.novotelkayseri.com\/#website"},"datePublished":"2023-12-13T14:59:57+00:00","dateModified":"2023-12-18T10:50:53+00:00","description":"Nefais' in e\u015fsiz lezzetlerini bir araya getirebilmek i\u00e7in T\u00fcrkiye co\u011frafyas\u0131n\u0131 olu\u015fturan 7 b\u00f6lgeyi gezdik. Binlerce y\u0131ll\u0131k ge\u00e7mi\u015fi olan y\u00f6resel lezzetlerimizi sofralar\u0131n\u0131za ta\u015f\u0131mak i\u00e7in y\u00f6re halk\u0131n\u0131n ve yetenekli \u015feflerin \u00f6zg\u00fcn tariflerini ara\u015ft\u0131rd\u0131k. Yeme\u011fin toprakla ba\u015flay\u0131p ate\u015fle biten yolculu\u011funu birle\u015ftirmek i\u00e7in farkl\u0131 pi\u015firme tekniklerini kulland\u0131k","breadcrumb":{"@id":"https:\/\/www.novotelkayseri.com\/tr\/nefais-restoran\/#breadcrumb"},"inLanguage":"tr","potentialAction":[{"@type":"ReadAction","target":["https:\/\/www.novotelkayseri.com\/tr\/nefais-restoran\/"]}]},{"@type":"BreadcrumbList","@id":"https:\/\/www.novotelkayseri.com\/tr\/nefais-restoran\/#breadcrumb","itemListElement":[{"@type":"ListItem","position":1,"name":"Home","item":"https:\/\/www.novotelkayseri.com\/tr\/"},{"@type":"ListItem","position":2,"name":"Nefais Restoran"}]},{"@type":"WebSite","@id":"https:\/\/www.novotelkayseri.com\/#website","url":"https:\/\/www.novotelkayseri.com\/","name":"Novotel Kayseri","description":"","potentialAction":[{"@type":"SearchAction","target":{"@type":"EntryPoint","urlTemplate":"https:\/\/www.novotelkayseri.com\/?s={search_term_string}"},"query-input":{"@type":"PropertyValueSpecification","valueRequired":true,"valueName":"search_term_string"}}],"inLanguage":"tr"}]}},"_links":{"self":[{"href":"https:\/\/www.novotelkayseri.com\/tr\/wp-json\/wp\/v2\/pages\/85","targetHints":{"allow":["GET"]}}],"collection":[{"href":"https:\/\/www.novotelkayseri.com\/tr\/wp-json\/wp\/v2\/pages"}],"about":[{"href":"https:\/\/www.novotelkayseri.com\/tr\/wp-json\/wp\/v2\/types\/page"}],"author":[{"embeddable":true,"href":"https:\/\/www.novotelkayseri.com\/tr\/wp-json\/wp\/v2\/users\/3"}],"replies":[{"embeddable":true,"href":"https:\/\/www.novotelkayseri.com\/tr\/wp-json\/wp\/v2\/comments?post=85"}],"version-history":[{"count":0,"href":"https:\/\/www.novotelkayseri.com\/tr\/wp-json\/wp\/v2\/pages\/85\/revisions"}],"wp:attachment":[{"href":"https:\/\/www.novotelkayseri.com\/tr\/wp-json\/wp\/v2\/media?parent=85"}],"wp:term":[{"taxonomy":"category","embeddable":true,"href":"https:\/\/www.novotelkayseri.com\/tr\/wp-json\/wp\/v2\/categories?post=85"}],"curies":[{"name":"wp","href":"https:\/\/api.w.org\/{rel}","templated":true}]}}