{"id":49,"date":"2023-12-13T10:53:45","date_gmt":"2023-12-13T10:53:45","guid":{"rendered":"https:\/\/novotel-kayseri.accorv2prod.decms.eu\/?page_id=49"},"modified":"2023-12-13T13:09:21","modified_gmt":"2023-12-13T13:09:21","slug":"suit-odalar","status":"publish","type":"page","link":"https:\/\/www.novotelkayseri.com\/tr\/konaklama\/suit-odalar\/","title":{"rendered":"Suit Odalar"},"content":{"rendered":"<p style=\"text-align: center;\">Rahatlama ve odaklanmay\u0131 birle\u015ftiren unutulmaz bir deneyim. S\u00fcit odalar\u0131m\u0131z size VIP muamelesi yapar: \u00fccretsiz internet, mini bardan \u00fccretsiz alkols\u00fcz i\u00e7ecekler, Nespresso Makinesi ve DVD oynat\u0131c\u0131.<\/p>\n","protected":false},"excerpt":{"rendered":"<p>Rahatlama ve odaklanmay\u0131 birle\u015ftiren unutulmaz bir deneyim. S\u00fcit odalar\u0131m\u0131z size VIP muamelesi yapar: \u00fccretsiz internet, mini bardan \u00fccretsiz alkols\u00fcz i\u00e7ecekler, Nespresso Makinesi ve DVD oynat\u0131c\u0131.<\/p>\n","protected":false},"author":3,"featured_media":0,"parent":21,"menu_order":15,"comment_status":"closed","ping_status":"closed","template":"template-room.php","meta":{"footnotes":""},"categories":[],"class_list":["post-49","page","type-page","status-publish","hentry"],"acf":[],"yoast_head":"<!-- This site is optimized with the Yoast SEO plugin v26.9 - https:\/\/yoast.com\/product\/yoast-seo-wordpress\/ -->\n<title>Suit Odalar - Novotel Kayseri<\/title>\n<meta name=\"description\" content=\"Rahatlama ve odaklanmay\u0131 birle\u015ftiren unutulmaz bir deneyim. S\u00fcit odalar\u0131m\u0131z size VIP muamelesi yapar: \u00fccretsiz internet, mini bardan \u00fccretsiz alkols\u00fcz i\u00e7ecekler, Nespresso Makinesi ve DVD oynat\u0131c\u0131.\" \/>\n<meta name=\"robots\" content=\"index, follow, max-snippet:-1, max-image-preview:large, max-video-preview:-1\" \/>\n<link rel=\"canonical\" href=\"https:\/\/www.novotelkayseri.com\/tr\/konaklama\/suit-odalar\/\" \/>\n<meta property=\"og:locale\" content=\"tr_TR\" \/>\n<meta property=\"og:type\" content=\"article\" \/>\n<meta property=\"og:title\" content=\"Suit Odalar - Novotel Kayseri\" \/>\n<meta property=\"og:description\" content=\"Rahatlama ve odaklanmay\u0131 birle\u015ftiren unutulmaz bir deneyim. S\u00fcit odalar\u0131m\u0131z size VIP muamelesi yapar: \u00fccretsiz internet, mini bardan \u00fccretsiz alkols\u00fcz i\u00e7ecekler, Nespresso Makinesi ve DVD oynat\u0131c\u0131.\" \/>\n<meta property=\"og:url\" content=\"https:\/\/www.novotelkayseri.com\/tr\/konaklama\/suit-odalar\/\" \/>\n<meta property=\"og:site_name\" content=\"Novotel Kayseri\" \/>\n<meta property=\"article:modified_time\" content=\"2023-12-13T13:09:21+00:00\" \/>\n<meta property=\"og:image\" content=\"https:\/\/www.novotelkayseri.com\/wp-content\/uploads\/sites\/73\/2023\/12\/novotel_kayseri_home_slide02.jpg\" \/>\n\t<meta property=\"og:image:width\" content=\"2200\" \/>\n\t<meta property=\"og:image:height\" content=\"1200\" \/>\n\t<meta property=\"og:image:type\" content=\"image\/jpeg\" \/>\n<meta name=\"twitter:card\" content=\"summary_large_image\" \/>\n<meta name=\"twitter:label1\" content=\"Tahmini okuma s\u00fcresi\" \/>\n\t<meta name=\"twitter:data1\" content=\"1 dakika\" \/>\n<script type=\"application\/ld+json\" class=\"yoast-schema-graph\">{\"@context\":\"https:\/\/schema.org\",\"@graph\":[{\"@type\":\"WebPage\",\"@id\":\"https:\/\/www.novotelkayseri.com\/tr\/konaklama\/suit-odalar\/\",\"url\":\"https:\/\/www.novotelkayseri.com\/tr\/konaklama\/suit-odalar\/\",\"name\":\"Suit Odalar - Novotel Kayseri\",\"isPartOf\":{\"@id\":\"https:\/\/www.novotelkayseri.com\/#website\"},\"datePublished\":\"2023-12-13T10:53:45+00:00\",\"dateModified\":\"2023-12-13T13:09:21+00:00\",\"description\":\"Rahatlama ve odaklanmay\u0131 birle\u015ftiren unutulmaz bir deneyim. S\u00fcit odalar\u0131m\u0131z size VIP muamelesi yapar: \u00fccretsiz internet, mini bardan \u00fccretsiz alkols\u00fcz i\u00e7ecekler, Nespresso Makinesi ve DVD oynat\u0131c\u0131.\",\"breadcrumb\":{\"@id\":\"https:\/\/www.novotelkayseri.com\/tr\/konaklama\/suit-odalar\/#breadcrumb\"},\"inLanguage\":\"tr\",\"potentialAction\":[{\"@type\":\"ReadAction\",\"target\":[\"https:\/\/www.novotelkayseri.com\/tr\/konaklama\/suit-odalar\/\"]}]},{\"@type\":\"BreadcrumbList\",\"@id\":\"https:\/\/www.novotelkayseri.com\/tr\/konaklama\/suit-odalar\/#breadcrumb\",\"itemListElement\":[{\"@type\":\"ListItem\",\"position\":1,\"name\":\"Home\",\"item\":\"https:\/\/www.novotelkayseri.com\/tr\/\"},{\"@type\":\"ListItem\",\"position\":2,\"name\":\"Konaklama\",\"item\":\"https:\/\/www.novotelkayseri.com\/tr\/accommodation\/\"},{\"@type\":\"ListItem\",\"position\":3,\"name\":\"Suit Odalar\"}]},{\"@type\":\"WebSite\",\"@id\":\"https:\/\/www.novotelkayseri.com\/#website\",\"url\":\"https:\/\/www.novotelkayseri.com\/\",\"name\":\"Novotel Kayseri\",\"description\":\"\",\"potentialAction\":[{\"@type\":\"SearchAction\",\"target\":{\"@type\":\"EntryPoint\",\"urlTemplate\":\"https:\/\/www.novotelkayseri.com\/?s={search_term_string}\"},\"query-input\":{\"@type\":\"PropertyValueSpecification\",\"valueRequired\":true,\"valueName\":\"search_term_string\"}}],\"inLanguage\":\"tr\"}]}<\/script>\n<!-- \/ Yoast SEO plugin. -->","yoast_head_json":{"title":"Suit Odalar - Novotel Kayseri","description":"Rahatlama ve odaklanmay\u0131 birle\u015ftiren unutulmaz bir deneyim. S\u00fcit odalar\u0131m\u0131z size VIP muamelesi yapar: \u00fccretsiz internet, mini bardan \u00fccretsiz alkols\u00fcz i\u00e7ecekler, Nespresso Makinesi ve DVD oynat\u0131c\u0131.","robots":{"index":"index","follow":"follow","max-snippet":"max-snippet:-1","max-image-preview":"max-image-preview:large","max-video-preview":"max-video-preview:-1"},"canonical":"https:\/\/www.novotelkayseri.com\/tr\/konaklama\/suit-odalar\/","og_locale":"tr_TR","og_type":"article","og_title":"Suit Odalar - Novotel Kayseri","og_description":"Rahatlama ve odaklanmay\u0131 birle\u015ftiren unutulmaz bir deneyim. S\u00fcit odalar\u0131m\u0131z size VIP muamelesi yapar: \u00fccretsiz internet, mini bardan \u00fccretsiz alkols\u00fcz i\u00e7ecekler, Nespresso Makinesi ve DVD oynat\u0131c\u0131.","og_url":"https:\/\/www.novotelkayseri.com\/tr\/konaklama\/suit-odalar\/","og_site_name":"Novotel Kayseri","article_modified_time":"2023-12-13T13:09:21+00:00","og_image":[{"width":2200,"height":1200,"url":"https:\/\/www.novotelkayseri.com\/wp-content\/uploads\/sites\/73\/2023\/12\/novotel_kayseri_home_slide02.jpg","type":"image\/jpeg"}],"twitter_card":"summary_large_image","twitter_misc":{"Tahmini okuma s\u00fcresi":"1 dakika"},"schema":{"@context":"https:\/\/schema.org","@graph":[{"@type":"WebPage","@id":"https:\/\/www.novotelkayseri.com\/tr\/konaklama\/suit-odalar\/","url":"https:\/\/www.novotelkayseri.com\/tr\/konaklama\/suit-odalar\/","name":"Suit Odalar - Novotel Kayseri","isPartOf":{"@id":"https:\/\/www.novotelkayseri.com\/#website"},"datePublished":"2023-12-13T10:53:45+00:00","dateModified":"2023-12-13T13:09:21+00:00","description":"Rahatlama ve odaklanmay\u0131 birle\u015ftiren unutulmaz bir deneyim. S\u00fcit odalar\u0131m\u0131z size VIP muamelesi yapar: \u00fccretsiz internet, mini bardan \u00fccretsiz alkols\u00fcz i\u00e7ecekler, Nespresso Makinesi ve DVD oynat\u0131c\u0131.","breadcrumb":{"@id":"https:\/\/www.novotelkayseri.com\/tr\/konaklama\/suit-odalar\/#breadcrumb"},"inLanguage":"tr","potentialAction":[{"@type":"ReadAction","target":["https:\/\/www.novotelkayseri.com\/tr\/konaklama\/suit-odalar\/"]}]},{"@type":"BreadcrumbList","@id":"https:\/\/www.novotelkayseri.com\/tr\/konaklama\/suit-odalar\/#breadcrumb","itemListElement":[{"@type":"ListItem","position":1,"name":"Home","item":"https:\/\/www.novotelkayseri.com\/tr\/"},{"@type":"ListItem","position":2,"name":"Konaklama","item":"https:\/\/www.novotelkayseri.com\/tr\/accommodation\/"},{"@type":"ListItem","position":3,"name":"Suit Odalar"}]},{"@type":"WebSite","@id":"https:\/\/www.novotelkayseri.com\/#website","url":"https:\/\/www.novotelkayseri.com\/","name":"Novotel Kayseri","description":"","potentialAction":[{"@type":"SearchAction","target":{"@type":"EntryPoint","urlTemplate":"https:\/\/www.novotelkayseri.com\/?s={search_term_string}"},"query-input":{"@type":"PropertyValueSpecification","valueRequired":true,"valueName":"search_term_string"}}],"inLanguage":"tr"}]}},"_links":{"self":[{"href":"https:\/\/www.novotelkayseri.com\/tr\/wp-json\/wp\/v2\/pages\/49","targetHints":{"allow":["GET"]}}],"collection":[{"href":"https:\/\/www.novotelkayseri.com\/tr\/wp-json\/wp\/v2\/pages"}],"about":[{"href":"https:\/\/www.novotelkayseri.com\/tr\/wp-json\/wp\/v2\/types\/page"}],"author":[{"embeddable":true,"href":"https:\/\/www.novotelkayseri.com\/tr\/wp-json\/wp\/v2\/users\/3"}],"replies":[{"embeddable":true,"href":"https:\/\/www.novotelkayseri.com\/tr\/wp-json\/wp\/v2\/comments?post=49"}],"version-history":[{"count":0,"href":"https:\/\/www.novotelkayseri.com\/tr\/wp-json\/wp\/v2\/pages\/49\/revisions"}],"up":[{"embeddable":true,"href":"https:\/\/www.novotelkayseri.com\/tr\/wp-json\/wp\/v2\/pages\/21"}],"wp:attachment":[{"href":"https:\/\/www.novotelkayseri.com\/tr\/wp-json\/wp\/v2\/media?parent=49"}],"wp:term":[{"taxonomy":"category","embeddable":true,"href":"https:\/\/www.novotelkayseri.com\/tr\/wp-json\/wp\/v2\/categories?post=49"}],"curies":[{"name":"wp","href":"https:\/\/api.w.org\/{rel}","templated":true}]}}