{"id":4,"date":"2023-12-01T09:15:39","date_gmt":"2023-12-01T09:15:39","guid":{"rendered":"https:\/\/novotel-kayseri.accorv2prod.decms.eu\/?page_id=4"},"modified":"2024-10-02T12:11:55","modified_gmt":"2024-10-02T12:11:55","slug":"novotel-kayseri","status":"publish","type":"page","link":"https:\/\/www.novotelkayseri.com\/tr\/","title":{"rendered":"Novotel Kayseri"},"content":{"rendered":"<p>Konumu, servis kalitesi ve dizayn\u0131 ile \u00f6ne \u00e7\u0131kan Novotel Kayseri, konforlu mobilyalarla donat\u0131lm\u0131\u015f modern binas\u0131, huzurlu odalar\u0131, nazik ve \u00f6zverili personeli ile \u00f6ne \u00e7\u0131k\u0131yor. Y\u00fcksek h\u0131zl\u0131 internet, kablolu TV, \u00e7ay\/kahve yapma imkan\u0131 ve \u015f\u0131k tasar\u0131ml\u0131 banyolar, konuklar\u0131n konaklamalar\u0131n\u0131n keyfini \u00e7\u0131karmas\u0131n\u0131 sa\u011flar.<\/p>\n<p>A\u00e7\u0131k b\u00fcfe yemeklerde ve ak\u015fam yemeklerinde y\u00f6resel yemek \u00e7e\u015fitleri, kaliteli etler, taze i\u00e7ecek \u00e7e\u015fitleri ve T\u00fcrk lezzetleri sunulmaktad\u0131r. \u00d6zel otopark\u0131, sigara i\u00e7ilen ve i\u00e7ilmeyen oda se\u00e7enekleri pop\u00fclerli\u011fini artt\u0131rmaktad\u0131r.<\/p>\n<p>&nbsp;<\/p>\n<p><strong>Novotel Kayseri: \u015eehir ve Do\u011fan\u0131n Bulu\u015ftu\u011fu Konforlu Konaklama<\/strong><\/p>\n<p>Kayseri\u2019nin merkezinde yer alan Novotel Kayseri, hem \u015fehir i\u00e7i hem de do\u011fa tutkunlar\u0131 i\u00e7in ideal bir konum sunuyor. Kayseri Havaliman\u0131\u2019na sadece 10 dakikal\u0131k mesafesiyle, \u0130stanbul ve di\u011fer \u015fehirlerden gelen misafirler i\u00e7in kolay ula\u015f\u0131m sa\u011fl\u0131yor. Ayr\u0131ca, T\u00fcrkiye&#8217;nin en pop\u00fcler kayak destinasyonlar\u0131ndan biri olan Erciyes Kayak Merkezi\u2019ne sadece 25 dakikada ula\u015farak, k\u0131\u015f sporlar\u0131 tutkunlar\u0131na unutulmaz bir kayak deneyimi vadediyor.<\/p>\n<p>Novotel Kayseri, kayak keyfi sonras\u0131 misafirlerine modern ve konforlu odalar\u0131nda dinlenme f\u0131rsat\u0131 sunarken, Nefais Restoran\u2019da Kayseri\u2019nin e\u015fsiz lezzetlerini deneyimleme imkan\u0131 sunuyor. \u015eehirdeki k\u00fclt\u00fcrel zenginlikleri ke\u015ffetmek ya da Erciyes\u2019in beyaz zirvelerinde kayak yapmak isteyen misafirler i\u00e7in m\u00fckemmel bir se\u00e7im olan Novotel Kayseri, konforu ve kolay ula\u015f\u0131m\u0131 bir araya getiriyor.<\/p>\n","protected":false},"excerpt":{"rendered":"<p>Konumu, servis kalitesi ve dizayn\u0131 ile \u00f6ne \u00e7\u0131kan Novotel Kayseri, konforlu mobilyalarla donat\u0131lm\u0131\u015f modern binas\u0131, huzurlu odalar\u0131, nazik ve \u00f6zverili personeli ile \u00f6ne \u00e7\u0131k\u0131yor. Y\u00fcksek h\u0131zl\u0131 internet, kablolu TV, \u00e7ay\/kahve yapma imkan\u0131 ve \u015f\u0131k tasar\u0131ml\u0131 banyolar, konuklar\u0131n konaklamalar\u0131n\u0131n keyfini \u00e7\u0131karmas\u0131n\u0131 sa\u011flar. A\u00e7\u0131k b\u00fcfe yemeklerde ve ak\u015fam yemeklerinde y\u00f6resel yemek \u00e7e\u015fitleri, kaliteli etler, taze i\u00e7ecek \u00e7e\u015fitleri [&hellip;]<\/p>\n","protected":false},"author":3,"featured_media":0,"parent":0,"menu_order":0,"comment_status":"closed","ping_status":"closed","template":"","meta":{"footnotes":""},"categories":[],"class_list":["post-4","page","type-page","status-publish","hentry"],"acf":[],"yoast_head":"<!-- This site is optimized with the Yoast SEO plugin v26.9 - https:\/\/yoast.com\/product\/yoast-seo-wordpress\/ -->\n<title>Anasayfa - Novotel Kayseri<\/title>\n<meta name=\"description\" content=\"Konumu, servis kalitesi ve dizayn\u0131 ile \u00f6ne \u00e7\u0131kan Novotel Kayseri, konforlu mobilyalarla donat\u0131lm\u0131\u015f modern binas\u0131, huzurlu odalar\u0131, nazik ve \u00f6zverili personeli ile \u00f6ne \u00e7\u0131k\u0131yor. Y\u00fcksek h\u0131zl\u0131 internet, kablolu TV, \u00e7ay\/kahve yapma imkan\u0131 ve \u015f\u0131k tasar\u0131ml\u0131 banyolar, konuklar\u0131n konaklamalar\u0131n\u0131n keyfini \u00e7\u0131karmas\u0131n\u0131 sa\u011flar.  A\u00e7\u0131k b\u00fcfe yemeklerde ve ak\u015fam yemeklerinde y\u00f6resel yemek \u00e7e\u015fitleri, kaliteli etler, taze i\u00e7ecek \u00e7e\u015fitleri ve T\u00fcrk lezzetleri sunulmaktad\u0131r\" \/>\n<meta name=\"robots\" content=\"index, follow, max-snippet:-1, max-image-preview:large, max-video-preview:-1\" \/>\n<link rel=\"canonical\" href=\"https:\/\/www.novotelkayseri.com\/tr\/\" \/>\n<meta property=\"og:locale\" content=\"tr_TR\" \/>\n<meta property=\"og:type\" content=\"article\" \/>\n<meta property=\"og:title\" content=\"Anasayfa - Novotel Kayseri\" \/>\n<meta property=\"og:description\" content=\"Konumu, servis kalitesi ve dizayn\u0131 ile \u00f6ne \u00e7\u0131kan Novotel Kayseri, konforlu mobilyalarla donat\u0131lm\u0131\u015f modern binas\u0131, huzurlu odalar\u0131, nazik ve \u00f6zverili personeli ile \u00f6ne \u00e7\u0131k\u0131yor. Y\u00fcksek h\u0131zl\u0131 internet, kablolu TV, \u00e7ay\/kahve yapma imkan\u0131 ve \u015f\u0131k tasar\u0131ml\u0131 banyolar, konuklar\u0131n konaklamalar\u0131n\u0131n keyfini \u00e7\u0131karmas\u0131n\u0131 sa\u011flar.  A\u00e7\u0131k b\u00fcfe yemeklerde ve ak\u015fam yemeklerinde y\u00f6resel yemek \u00e7e\u015fitleri, kaliteli etler, taze i\u00e7ecek \u00e7e\u015fitleri ve T\u00fcrk lezzetleri sunulmaktad\u0131r\" \/>\n<meta property=\"og:url\" content=\"https:\/\/www.novotelkayseri.com\/tr\/\" \/>\n<meta property=\"og:site_name\" content=\"Novotel Kayseri\" \/>\n<meta property=\"article:modified_time\" content=\"2024-10-02T12:11:55+00:00\" \/>\n<meta property=\"og:image\" content=\"https:\/\/www.novotelkayseri.com\/wp-content\/uploads\/sites\/73\/2023\/12\/novotel_kayseri_home_slide02.jpg\" \/>\n\t<meta property=\"og:image:width\" content=\"2200\" \/>\n\t<meta property=\"og:image:height\" content=\"1200\" \/>\n\t<meta property=\"og:image:type\" content=\"image\/jpeg\" \/>\n<meta name=\"twitter:card\" content=\"summary_large_image\" \/>\n<meta name=\"twitter:label1\" content=\"Tahmini okuma s\u00fcresi\" \/>\n\t<meta name=\"twitter:data1\" content=\"1 dakika\" \/>\n<script type=\"application\/ld+json\" class=\"yoast-schema-graph\">{\"@context\":\"https:\/\/schema.org\",\"@graph\":[{\"@type\":\"WebPage\",\"@id\":\"https:\/\/www.novotelkayseri.com\/tr\/\",\"url\":\"https:\/\/www.novotelkayseri.com\/tr\/\",\"name\":\"Anasayfa - Novotel Kayseri\",\"isPartOf\":{\"@id\":\"https:\/\/www.novotelkayseri.com\/#website\"},\"datePublished\":\"2023-12-01T09:15:39+00:00\",\"dateModified\":\"2024-10-02T12:11:55+00:00\",\"description\":\"Konumu, servis kalitesi ve dizayn\u0131 ile \u00f6ne \u00e7\u0131kan Novotel Kayseri, konforlu mobilyalarla donat\u0131lm\u0131\u015f modern binas\u0131, huzurlu odalar\u0131, nazik ve \u00f6zverili personeli ile \u00f6ne \u00e7\u0131k\u0131yor. Y\u00fcksek h\u0131zl\u0131 internet, kablolu TV, \u00e7ay\/kahve yapma imkan\u0131 ve \u015f\u0131k tasar\u0131ml\u0131 banyolar, konuklar\u0131n konaklamalar\u0131n\u0131n keyfini \u00e7\u0131karmas\u0131n\u0131 sa\u011flar. A\u00e7\u0131k b\u00fcfe yemeklerde ve ak\u015fam yemeklerinde y\u00f6resel yemek \u00e7e\u015fitleri, kaliteli etler, taze i\u00e7ecek \u00e7e\u015fitleri ve T\u00fcrk lezzetleri sunulmaktad\u0131r\",\"breadcrumb\":{\"@id\":\"https:\/\/www.novotelkayseri.com\/tr\/#breadcrumb\"},\"inLanguage\":\"tr\",\"potentialAction\":[{\"@type\":\"ReadAction\",\"target\":[\"https:\/\/www.novotelkayseri.com\/tr\/\"]}]},{\"@type\":\"BreadcrumbList\",\"@id\":\"https:\/\/www.novotelkayseri.com\/tr\/#breadcrumb\",\"itemListElement\":[{\"@type\":\"ListItem\",\"position\":1,\"name\":\"Home\",\"item\":\"https:\/\/www.novotelkayseri.com\/tr\/\"},{\"@type\":\"ListItem\",\"position\":2,\"name\":\"Novotel Kayseri\"}]},{\"@type\":\"WebSite\",\"@id\":\"https:\/\/www.novotelkayseri.com\/#website\",\"url\":\"https:\/\/www.novotelkayseri.com\/\",\"name\":\"Novotel Kayseri\",\"description\":\"\",\"potentialAction\":[{\"@type\":\"SearchAction\",\"target\":{\"@type\":\"EntryPoint\",\"urlTemplate\":\"https:\/\/www.novotelkayseri.com\/?s={search_term_string}\"},\"query-input\":{\"@type\":\"PropertyValueSpecification\",\"valueRequired\":true,\"valueName\":\"search_term_string\"}}],\"inLanguage\":\"tr\"}]}<\/script>\n<!-- \/ Yoast SEO plugin. -->","yoast_head_json":{"title":"Anasayfa - Novotel Kayseri","description":"Konumu, servis kalitesi ve dizayn\u0131 ile \u00f6ne \u00e7\u0131kan Novotel Kayseri, konforlu mobilyalarla donat\u0131lm\u0131\u015f modern binas\u0131, huzurlu odalar\u0131, nazik ve \u00f6zverili personeli ile \u00f6ne \u00e7\u0131k\u0131yor. Y\u00fcksek h\u0131zl\u0131 internet, kablolu TV, \u00e7ay\/kahve yapma imkan\u0131 ve \u015f\u0131k tasar\u0131ml\u0131 banyolar, konuklar\u0131n konaklamalar\u0131n\u0131n keyfini \u00e7\u0131karmas\u0131n\u0131 sa\u011flar.  A\u00e7\u0131k b\u00fcfe yemeklerde ve ak\u015fam yemeklerinde y\u00f6resel yemek \u00e7e\u015fitleri, kaliteli etler, taze i\u00e7ecek \u00e7e\u015fitleri ve T\u00fcrk lezzetleri sunulmaktad\u0131r","robots":{"index":"index","follow":"follow","max-snippet":"max-snippet:-1","max-image-preview":"max-image-preview:large","max-video-preview":"max-video-preview:-1"},"canonical":"https:\/\/www.novotelkayseri.com\/tr\/","og_locale":"tr_TR","og_type":"article","og_title":"Anasayfa - Novotel Kayseri","og_description":"Konumu, servis kalitesi ve dizayn\u0131 ile \u00f6ne \u00e7\u0131kan Novotel Kayseri, konforlu mobilyalarla donat\u0131lm\u0131\u015f modern binas\u0131, huzurlu odalar\u0131, nazik ve \u00f6zverili personeli ile \u00f6ne \u00e7\u0131k\u0131yor. Y\u00fcksek h\u0131zl\u0131 internet, kablolu TV, \u00e7ay\/kahve yapma imkan\u0131 ve \u015f\u0131k tasar\u0131ml\u0131 banyolar, konuklar\u0131n konaklamalar\u0131n\u0131n keyfini \u00e7\u0131karmas\u0131n\u0131 sa\u011flar.  A\u00e7\u0131k b\u00fcfe yemeklerde ve ak\u015fam yemeklerinde y\u00f6resel yemek \u00e7e\u015fitleri, kaliteli etler, taze i\u00e7ecek \u00e7e\u015fitleri ve T\u00fcrk lezzetleri sunulmaktad\u0131r","og_url":"https:\/\/www.novotelkayseri.com\/tr\/","og_site_name":"Novotel Kayseri","article_modified_time":"2024-10-02T12:11:55+00:00","og_image":[{"width":2200,"height":1200,"url":"https:\/\/www.novotelkayseri.com\/wp-content\/uploads\/sites\/73\/2023\/12\/novotel_kayseri_home_slide02.jpg","type":"image\/jpeg"}],"twitter_card":"summary_large_image","twitter_misc":{"Tahmini okuma s\u00fcresi":"1 dakika"},"schema":{"@context":"https:\/\/schema.org","@graph":[{"@type":"WebPage","@id":"https:\/\/www.novotelkayseri.com\/tr\/","url":"https:\/\/www.novotelkayseri.com\/tr\/","name":"Anasayfa - Novotel Kayseri","isPartOf":{"@id":"https:\/\/www.novotelkayseri.com\/#website"},"datePublished":"2023-12-01T09:15:39+00:00","dateModified":"2024-10-02T12:11:55+00:00","description":"Konumu, servis kalitesi ve dizayn\u0131 ile \u00f6ne \u00e7\u0131kan Novotel Kayseri, konforlu mobilyalarla donat\u0131lm\u0131\u015f modern binas\u0131, huzurlu odalar\u0131, nazik ve \u00f6zverili personeli ile \u00f6ne \u00e7\u0131k\u0131yor. Y\u00fcksek h\u0131zl\u0131 internet, kablolu TV, \u00e7ay\/kahve yapma imkan\u0131 ve \u015f\u0131k tasar\u0131ml\u0131 banyolar, konuklar\u0131n konaklamalar\u0131n\u0131n keyfini \u00e7\u0131karmas\u0131n\u0131 sa\u011flar. A\u00e7\u0131k b\u00fcfe yemeklerde ve ak\u015fam yemeklerinde y\u00f6resel yemek \u00e7e\u015fitleri, kaliteli etler, taze i\u00e7ecek \u00e7e\u015fitleri ve T\u00fcrk lezzetleri sunulmaktad\u0131r","breadcrumb":{"@id":"https:\/\/www.novotelkayseri.com\/tr\/#breadcrumb"},"inLanguage":"tr","potentialAction":[{"@type":"ReadAction","target":["https:\/\/www.novotelkayseri.com\/tr\/"]}]},{"@type":"BreadcrumbList","@id":"https:\/\/www.novotelkayseri.com\/tr\/#breadcrumb","itemListElement":[{"@type":"ListItem","position":1,"name":"Home","item":"https:\/\/www.novotelkayseri.com\/tr\/"},{"@type":"ListItem","position":2,"name":"Novotel Kayseri"}]},{"@type":"WebSite","@id":"https:\/\/www.novotelkayseri.com\/#website","url":"https:\/\/www.novotelkayseri.com\/","name":"Novotel Kayseri","description":"","potentialAction":[{"@type":"SearchAction","target":{"@type":"EntryPoint","urlTemplate":"https:\/\/www.novotelkayseri.com\/?s={search_term_string}"},"query-input":{"@type":"PropertyValueSpecification","valueRequired":true,"valueName":"search_term_string"}}],"inLanguage":"tr"}]}},"_links":{"self":[{"href":"https:\/\/www.novotelkayseri.com\/tr\/wp-json\/wp\/v2\/pages\/4","targetHints":{"allow":["GET"]}}],"collection":[{"href":"https:\/\/www.novotelkayseri.com\/tr\/wp-json\/wp\/v2\/pages"}],"about":[{"href":"https:\/\/www.novotelkayseri.com\/tr\/wp-json\/wp\/v2\/types\/page"}],"author":[{"embeddable":true,"href":"https:\/\/www.novotelkayseri.com\/tr\/wp-json\/wp\/v2\/users\/3"}],"replies":[{"embeddable":true,"href":"https:\/\/www.novotelkayseri.com\/tr\/wp-json\/wp\/v2\/comments?post=4"}],"version-history":[{"count":0,"href":"https:\/\/www.novotelkayseri.com\/tr\/wp-json\/wp\/v2\/pages\/4\/revisions"}],"wp:attachment":[{"href":"https:\/\/www.novotelkayseri.com\/tr\/wp-json\/wp\/v2\/media?parent=4"}],"wp:term":[{"taxonomy":"category","embeddable":true,"href":"https:\/\/www.novotelkayseri.com\/tr\/wp-json\/wp\/v2\/categories?post=4"}],"curies":[{"name":"wp","href":"https:\/\/api.w.org\/{rel}","templated":true}]}}