{"id":30,"date":"2023-12-01T15:19:13","date_gmt":"2023-12-01T15:19:13","guid":{"rendered":"https:\/\/novotel-kayseri.accorv2prod.decms.eu\/?page_id=30"},"modified":"2023-12-19T11:30:16","modified_gmt":"2023-12-19T11:30:16","slug":"superior-odalar","status":"publish","type":"page","link":"https:\/\/www.novotelkayseri.com\/tr\/konaklama\/superior-odalar\/","title":{"rendered":"Superior Odalar"},"content":{"rendered":"<p style=\"text-align: center;\">Modern dekorun ve ergonomik konforun tad\u0131n\u0131 \u00e7\u0131kar\u0131n: Krali\u00e7e yatak ve kanepe, k\u00fcvet veya du\u015f, \u00e7al\u0131\u015fma alan\u0131, LCD TV ve internet eri\u015fimi, sa\u00e7 kurutma makinesi, diz\u00fcst\u00fc bilgisayar boyutunda kasa, minibar, \u00e7ay\/kahve yapma imkan\u0131.<\/p>\n","protected":false},"excerpt":{"rendered":"<p>Modern dekorun ve ergonomik konforun tad\u0131n\u0131 \u00e7\u0131kar\u0131n: Krali\u00e7e yatak ve kanepe, k\u00fcvet veya du\u015f, \u00e7al\u0131\u015fma alan\u0131, LCD TV ve internet eri\u015fimi, sa\u00e7 kurutma makinesi, diz\u00fcst\u00fc bilgisayar boyutunda kasa, minibar, \u00e7ay\/kahve yapma imkan\u0131.<\/p>\n","protected":false},"author":3,"featured_media":0,"parent":21,"menu_order":5,"comment_status":"closed","ping_status":"closed","template":"template-room.php","meta":{"footnotes":""},"categories":[18],"class_list":["post-30","page","type-page","status-publish","hentry","category-odalar"],"acf":[],"yoast_head":"<!-- This site is optimized with the Yoast SEO plugin v26.9 - https:\/\/yoast.com\/product\/yoast-seo-wordpress\/ -->\n<title>Superior Odalar - Novotel Kayseri<\/title>\n<meta name=\"description\" content=\"Modern dekorun ve ergonomik konforun tad\u0131n\u0131 \u00e7\u0131kar\u0131n: Krali\u00e7e yatak ve kanepe, k\u00fcvet veya du\u015f, \u00e7al\u0131\u015fma alan\u0131, LCD TV ve internet eri\u015fimi, sa\u00e7 kurutma makinesi, diz\u00fcst\u00fc bilgisayar boyutunda kasa, minibar, \u00e7ay\/kahve yapma imkan\u0131..\" \/>\n<meta name=\"robots\" content=\"index, follow, max-snippet:-1, max-image-preview:large, max-video-preview:-1\" \/>\n<link rel=\"canonical\" href=\"https:\/\/www.novotelkayseri.com\/tr\/konaklama\/superior-odalar\/\" \/>\n<meta property=\"og:locale\" content=\"tr_TR\" \/>\n<meta property=\"og:type\" content=\"article\" \/>\n<meta property=\"og:title\" content=\"Superior Odalar - Novotel Kayseri\" \/>\n<meta property=\"og:description\" content=\"Modern dekorun ve ergonomik konforun tad\u0131n\u0131 \u00e7\u0131kar\u0131n: Krali\u00e7e yatak ve kanepe, k\u00fcvet veya du\u015f, \u00e7al\u0131\u015fma alan\u0131, LCD TV ve internet eri\u015fimi, sa\u00e7 kurutma makinesi, diz\u00fcst\u00fc bilgisayar boyutunda kasa, minibar, \u00e7ay\/kahve yapma imkan\u0131..\" \/>\n<meta property=\"og:url\" content=\"https:\/\/www.novotelkayseri.com\/tr\/konaklama\/superior-odalar\/\" \/>\n<meta property=\"og:site_name\" content=\"Novotel Kayseri\" \/>\n<meta property=\"article:modified_time\" content=\"2023-12-19T11:30:16+00:00\" \/>\n<meta property=\"og:image\" content=\"https:\/\/www.novotelkayseri.com\/wp-content\/uploads\/sites\/73\/2023\/12\/novotel_kayseri_home_slide02.jpg\" \/>\n\t<meta property=\"og:image:width\" content=\"2200\" \/>\n\t<meta property=\"og:image:height\" content=\"1200\" \/>\n\t<meta property=\"og:image:type\" content=\"image\/jpeg\" \/>\n<meta name=\"twitter:card\" content=\"summary_large_image\" \/>\n<meta name=\"twitter:label1\" content=\"Tahmini okuma s\u00fcresi\" \/>\n\t<meta name=\"twitter:data1\" content=\"1 dakika\" \/>\n<script type=\"application\/ld+json\" class=\"yoast-schema-graph\">{\"@context\":\"https:\/\/schema.org\",\"@graph\":[{\"@type\":\"WebPage\",\"@id\":\"https:\/\/www.novotelkayseri.com\/tr\/konaklama\/superior-odalar\/\",\"url\":\"https:\/\/www.novotelkayseri.com\/tr\/konaklama\/superior-odalar\/\",\"name\":\"Superior Odalar - Novotel Kayseri\",\"isPartOf\":{\"@id\":\"https:\/\/www.novotelkayseri.com\/#website\"},\"datePublished\":\"2023-12-01T15:19:13+00:00\",\"dateModified\":\"2023-12-19T11:30:16+00:00\",\"description\":\"Modern dekorun ve ergonomik konforun tad\u0131n\u0131 \u00e7\u0131kar\u0131n: Krali\u00e7e yatak ve kanepe, k\u00fcvet veya du\u015f, \u00e7al\u0131\u015fma alan\u0131, LCD TV ve internet eri\u015fimi, sa\u00e7 kurutma makinesi, diz\u00fcst\u00fc bilgisayar boyutunda kasa, minibar, \u00e7ay\/kahve yapma imkan\u0131. .\",\"breadcrumb\":{\"@id\":\"https:\/\/www.novotelkayseri.com\/tr\/konaklama\/superior-odalar\/#breadcrumb\"},\"inLanguage\":\"tr\",\"potentialAction\":[{\"@type\":\"ReadAction\",\"target\":[\"https:\/\/www.novotelkayseri.com\/tr\/konaklama\/superior-odalar\/\"]}]},{\"@type\":\"BreadcrumbList\",\"@id\":\"https:\/\/www.novotelkayseri.com\/tr\/konaklama\/superior-odalar\/#breadcrumb\",\"itemListElement\":[{\"@type\":\"ListItem\",\"position\":1,\"name\":\"Home\",\"item\":\"https:\/\/www.novotelkayseri.com\/tr\/\"},{\"@type\":\"ListItem\",\"position\":2,\"name\":\"Konaklama\",\"item\":\"https:\/\/www.novotelkayseri.com\/tr\/accommodation\/\"},{\"@type\":\"ListItem\",\"position\":3,\"name\":\"Superior Odalar\"}]},{\"@type\":\"WebSite\",\"@id\":\"https:\/\/www.novotelkayseri.com\/#website\",\"url\":\"https:\/\/www.novotelkayseri.com\/\",\"name\":\"Novotel Kayseri\",\"description\":\"\",\"potentialAction\":[{\"@type\":\"SearchAction\",\"target\":{\"@type\":\"EntryPoint\",\"urlTemplate\":\"https:\/\/www.novotelkayseri.com\/?s={search_term_string}\"},\"query-input\":{\"@type\":\"PropertyValueSpecification\",\"valueRequired\":true,\"valueName\":\"search_term_string\"}}],\"inLanguage\":\"tr\"}]}<\/script>\n<!-- \/ Yoast SEO plugin. -->","yoast_head_json":{"title":"Superior Odalar - Novotel Kayseri","description":"Modern dekorun ve ergonomik konforun tad\u0131n\u0131 \u00e7\u0131kar\u0131n: Krali\u00e7e yatak ve kanepe, k\u00fcvet veya du\u015f, \u00e7al\u0131\u015fma alan\u0131, LCD TV ve internet eri\u015fimi, sa\u00e7 kurutma makinesi, diz\u00fcst\u00fc bilgisayar boyutunda kasa, minibar, \u00e7ay\/kahve yapma imkan\u0131..","robots":{"index":"index","follow":"follow","max-snippet":"max-snippet:-1","max-image-preview":"max-image-preview:large","max-video-preview":"max-video-preview:-1"},"canonical":"https:\/\/www.novotelkayseri.com\/tr\/konaklama\/superior-odalar\/","og_locale":"tr_TR","og_type":"article","og_title":"Superior Odalar - Novotel Kayseri","og_description":"Modern dekorun ve ergonomik konforun tad\u0131n\u0131 \u00e7\u0131kar\u0131n: Krali\u00e7e yatak ve kanepe, k\u00fcvet veya du\u015f, \u00e7al\u0131\u015fma alan\u0131, LCD TV ve internet eri\u015fimi, sa\u00e7 kurutma makinesi, diz\u00fcst\u00fc bilgisayar boyutunda kasa, minibar, \u00e7ay\/kahve yapma imkan\u0131..","og_url":"https:\/\/www.novotelkayseri.com\/tr\/konaklama\/superior-odalar\/","og_site_name":"Novotel Kayseri","article_modified_time":"2023-12-19T11:30:16+00:00","og_image":[{"width":2200,"height":1200,"url":"https:\/\/www.novotelkayseri.com\/wp-content\/uploads\/sites\/73\/2023\/12\/novotel_kayseri_home_slide02.jpg","type":"image\/jpeg"}],"twitter_card":"summary_large_image","twitter_misc":{"Tahmini okuma s\u00fcresi":"1 dakika"},"schema":{"@context":"https:\/\/schema.org","@graph":[{"@type":"WebPage","@id":"https:\/\/www.novotelkayseri.com\/tr\/konaklama\/superior-odalar\/","url":"https:\/\/www.novotelkayseri.com\/tr\/konaklama\/superior-odalar\/","name":"Superior Odalar - Novotel Kayseri","isPartOf":{"@id":"https:\/\/www.novotelkayseri.com\/#website"},"datePublished":"2023-12-01T15:19:13+00:00","dateModified":"2023-12-19T11:30:16+00:00","description":"Modern dekorun ve ergonomik konforun tad\u0131n\u0131 \u00e7\u0131kar\u0131n: Krali\u00e7e yatak ve kanepe, k\u00fcvet veya du\u015f, \u00e7al\u0131\u015fma alan\u0131, LCD TV ve internet eri\u015fimi, sa\u00e7 kurutma makinesi, diz\u00fcst\u00fc bilgisayar boyutunda kasa, minibar, \u00e7ay\/kahve yapma imkan\u0131. .","breadcrumb":{"@id":"https:\/\/www.novotelkayseri.com\/tr\/konaklama\/superior-odalar\/#breadcrumb"},"inLanguage":"tr","potentialAction":[{"@type":"ReadAction","target":["https:\/\/www.novotelkayseri.com\/tr\/konaklama\/superior-odalar\/"]}]},{"@type":"BreadcrumbList","@id":"https:\/\/www.novotelkayseri.com\/tr\/konaklama\/superior-odalar\/#breadcrumb","itemListElement":[{"@type":"ListItem","position":1,"name":"Home","item":"https:\/\/www.novotelkayseri.com\/tr\/"},{"@type":"ListItem","position":2,"name":"Konaklama","item":"https:\/\/www.novotelkayseri.com\/tr\/accommodation\/"},{"@type":"ListItem","position":3,"name":"Superior Odalar"}]},{"@type":"WebSite","@id":"https:\/\/www.novotelkayseri.com\/#website","url":"https:\/\/www.novotelkayseri.com\/","name":"Novotel Kayseri","description":"","potentialAction":[{"@type":"SearchAction","target":{"@type":"EntryPoint","urlTemplate":"https:\/\/www.novotelkayseri.com\/?s={search_term_string}"},"query-input":{"@type":"PropertyValueSpecification","valueRequired":true,"valueName":"search_term_string"}}],"inLanguage":"tr"}]}},"_links":{"self":[{"href":"https:\/\/www.novotelkayseri.com\/tr\/wp-json\/wp\/v2\/pages\/30","targetHints":{"allow":["GET"]}}],"collection":[{"href":"https:\/\/www.novotelkayseri.com\/tr\/wp-json\/wp\/v2\/pages"}],"about":[{"href":"https:\/\/www.novotelkayseri.com\/tr\/wp-json\/wp\/v2\/types\/page"}],"author":[{"embeddable":true,"href":"https:\/\/www.novotelkayseri.com\/tr\/wp-json\/wp\/v2\/users\/3"}],"replies":[{"embeddable":true,"href":"https:\/\/www.novotelkayseri.com\/tr\/wp-json\/wp\/v2\/comments?post=30"}],"version-history":[{"count":0,"href":"https:\/\/www.novotelkayseri.com\/tr\/wp-json\/wp\/v2\/pages\/30\/revisions"}],"up":[{"embeddable":true,"href":"https:\/\/www.novotelkayseri.com\/tr\/wp-json\/wp\/v2\/pages\/21"}],"wp:attachment":[{"href":"https:\/\/www.novotelkayseri.com\/tr\/wp-json\/wp\/v2\/media?parent=30"}],"wp:term":[{"taxonomy":"category","embeddable":true,"href":"https:\/\/www.novotelkayseri.com\/tr\/wp-json\/wp\/v2\/categories?post=30"}],"curies":[{"name":"wp","href":"https:\/\/api.w.org\/{rel}","templated":true}]}}