{"id":229,"date":"2024-11-19T06:38:48","date_gmt":"2024-11-19T06:38:48","guid":{"rendered":"https:\/\/www.novotelkayseri.com\/?page_id=229"},"modified":"2024-11-19T06:46:03","modified_gmt":"2024-11-19T06:46:03","slug":"erciyes-kayak-otelleri","status":"publish","type":"page","link":"https:\/\/www.novotelkayseri.com\/tr\/erciyes-kayak-otelleri\/","title":{"rendered":"Erciyes Kayak Otelleri"},"content":{"rendered":"<p><strong>Kayseri\u2019de Konforlu Bir Konaklama Deneyimi ve Erciyes Kayak Tutkusu<\/strong><\/p>\n<p>K\u0131\u015f sporlar\u0131n\u0131n g\u00f6zde adresi Erciyes Kayak Merkezi\u2019ne kolayca ula\u015fabilece\u011finiz <a href=\"https:\/\/www.novotelkayseri.com\/tr\/\"><strong>Novotel Kayseri<\/strong><\/a>, hem kayak tutkunlar\u0131na hem de Kayseri\u2019nin benzersiz lezzetlerini ke\u015ffetmek isteyen misafirlere e\u015fsiz bir konaklama deneyimi sunuyor.<\/p>\n<p>\u015eehir merkezindeki merkezi konumu sayesinde hem <strong>Kayseri Havaliman\u0131\u2019na yaln\u0131zca 5 dakika mesafede<\/strong> hem de Erciyes\u2019in b\u00fcy\u00fcleyici pistlerine k\u0131sa bir yolculukla ula\u015fabilirsiniz. Erciyes Kayak Merkezi, her seviyeye uygun pistleri, modern tesisleri ve do\u011fa ile i\u00e7 i\u00e7e atmosferiyle kayak severler i\u00e7in vazge\u00e7ilmezdir.<\/p>\n<p><strong>Kayak Tatilinizi Konforla Birle\u015ftirin<\/strong><br \/>\nG\u00fcn\u00fc Erciyes\u2019in karla kapl\u0131 zirvelerinde ge\u00e7irip Novotel Kayseri\u2019nin s\u0131cak atmosferinde dinlenebilirsiniz. Konforlu odalar\u0131m\u0131z, kayak sonras\u0131 yorgunlu\u011funuzu atman\u0131z i\u00e7in ideal bir ortam sunarken, otelimizin sundu\u011fu hizmetlerle tatil keyfiniz bir \u00fcst seviyeye ta\u015f\u0131n\u0131r.<\/p>\n<p><strong>Kayseri\u2019nin Lezzetlerini Ke\u015ffedin<\/strong><br \/>\nKayak tatiliniz s\u0131ras\u0131nda Kayseri\u2019nin \u00fcnl\u00fc mutfa\u011f\u0131n\u0131 deneyimlemeyi unutmay\u0131n! <strong><a href=\"https:\/\/www.novotelkayseri.com\/tr\/\">Novotel Kayseri<\/a>\u2019nin<a href=\"https:\/\/nefaisrestaurant.com\/\"> Nefais Restoran\u0131<\/a><\/strong>, geleneksel Kayseri mant\u0131s\u0131ndan past\u0131rma ve sucuk gibi yerel tatlara kadar damak tad\u0131n\u0131za hitap eden e\u015fsiz se\u00e7enekler sunar.<\/p>\n<p><strong>Novotel Kayseri ile Kusursuz K\u0131\u015f Tatili Sizi Bekliyor!<\/strong><br \/>\nHem kayak yapman\u0131n keyfini \u00e7\u0131karaca\u011f\u0131n\u0131z, hem de Kayseri\u2019nin tarihi ve k\u00fclt\u00fcrel zenginliklerini ke\u015ffedece\u011finiz bir tatil planl\u0131yorsan\u0131z, <a href=\"https:\/\/www.novotelkayseri.com\/tr\/\"><strong>Novotel Kayseri<\/strong><\/a> m\u00fckemmel bir ba\u015flang\u0131\u00e7 noktas\u0131d\u0131r. \u015eimdi rezervasyon yaparak, k\u0131\u015f tatilinizi hem konforlu hem de unutulmaz bir deneyime d\u00f6n\u00fc\u015ft\u00fcr\u00fcn!<\/p>\n","protected":false},"excerpt":{"rendered":"<p>Kayseri\u2019de Konforlu Bir Konaklama Deneyimi ve Erciyes Kayak Tutkusu K\u0131\u015f sporlar\u0131n\u0131n g\u00f6zde adresi Erciyes Kayak Merkezi\u2019ne kolayca ula\u015fabilece\u011finiz Novotel Kayseri, hem kayak tutkunlar\u0131na hem de Kayseri\u2019nin benzersiz lezzetlerini ke\u015ffetmek isteyen misafirlere e\u015fsiz bir konaklama deneyimi sunuyor. \u015eehir merkezindeki merkezi konumu sayesinde hem Kayseri Havaliman\u0131\u2019na yaln\u0131zca 5 dakika mesafede hem de Erciyes\u2019in b\u00fcy\u00fcleyici pistlerine k\u0131sa bir [&hellip;]<\/p>\n","protected":false},"author":95,"featured_media":162,"parent":0,"menu_order":1,"comment_status":"closed","ping_status":"closed","template":"","meta":{"footnotes":""},"categories":[2],"class_list":["post-229","page","type-page","status-publish","has-post-thumbnail","hentry","category-uncategorized-tr"],"acf":[],"yoast_head":"<!-- This site is optimized with the Yoast SEO plugin v26.9 - https:\/\/yoast.com\/product\/yoast-seo-wordpress\/ -->\n<title>Erciyes Kayak Otelleri - Novotel Kayseri -<\/title>\n<meta name=\"description\" content=\"Erciyes Kayak Merkezi\u2019ne sadece k\u0131sa bir mesafede bulunan Novotel Kayseri, konforlu odalar\u0131, Kayseri lezzetleriyle dolu restoran\u0131 ile sizleri a\u011f\u0131rl\u0131yor!\" \/>\n<meta name=\"robots\" content=\"index, follow, max-snippet:-1, max-image-preview:large, max-video-preview:-1\" \/>\n<link rel=\"canonical\" href=\"https:\/\/www.novotelkayseri.com\/tr\/erciyes-kayak-otelleri\/\" \/>\n<meta property=\"og:locale\" content=\"tr_TR\" \/>\n<meta property=\"og:type\" content=\"article\" \/>\n<meta property=\"og:title\" content=\"Erciyes Kayak Otelleri - Novotel Kayseri -\" \/>\n<meta property=\"og:description\" content=\"Erciyes Kayak Merkezi\u2019ne sadece k\u0131sa bir mesafede bulunan Novotel Kayseri, konforlu odalar\u0131, Kayseri lezzetleriyle dolu restoran\u0131 ile sizleri a\u011f\u0131rl\u0131yor!\" \/>\n<meta property=\"og:url\" content=\"https:\/\/www.novotelkayseri.com\/tr\/erciyes-kayak-otelleri\/\" \/>\n<meta property=\"og:site_name\" content=\"Novotel Kayseri\" \/>\n<meta property=\"article:modified_time\" content=\"2024-11-19T06:46:03+00:00\" \/>\n<meta property=\"og:image\" content=\"https:\/\/www.novotelkayseri.com\/wp-content\/uploads\/sites\/73\/2023\/12\/novotel_kayseri_superior_queen-room_gallery5-1.jpg\" \/>\n\t<meta property=\"og:image:width\" content=\"1200\" \/>\n\t<meta property=\"og:image:height\" content=\"800\" \/>\n\t<meta property=\"og:image:type\" content=\"image\/jpeg\" \/>\n<meta name=\"twitter:card\" content=\"summary_large_image\" \/>\n<meta name=\"twitter:label1\" content=\"Tahmini okuma s\u00fcresi\" \/>\n\t<meta name=\"twitter:data1\" content=\"2 dakika\" \/>\n<script type=\"application\/ld+json\" class=\"yoast-schema-graph\">{\"@context\":\"https:\/\/schema.org\",\"@graph\":[{\"@type\":\"WebPage\",\"@id\":\"https:\/\/www.novotelkayseri.com\/tr\/erciyes-kayak-otelleri\/\",\"url\":\"https:\/\/www.novotelkayseri.com\/tr\/erciyes-kayak-otelleri\/\",\"name\":\"Erciyes Kayak Otelleri - Novotel Kayseri -\",\"isPartOf\":{\"@id\":\"https:\/\/www.novotelkayseri.com\/#website\"},\"primaryImageOfPage\":{\"@id\":\"https:\/\/www.novotelkayseri.com\/tr\/erciyes-kayak-otelleri\/#primaryimage\"},\"image\":{\"@id\":\"https:\/\/www.novotelkayseri.com\/tr\/erciyes-kayak-otelleri\/#primaryimage\"},\"thumbnailUrl\":\"https:\/\/www.novotelkayseri.com\/wp-content\/uploads\/sites\/73\/2023\/12\/novotel_kayseri_superior_queen-room_gallery5-1.jpg\",\"datePublished\":\"2024-11-19T06:38:48+00:00\",\"dateModified\":\"2024-11-19T06:46:03+00:00\",\"description\":\"Erciyes Kayak Merkezi\u2019ne sadece k\u0131sa bir mesafede bulunan Novotel Kayseri, konforlu odalar\u0131, Kayseri lezzetleriyle dolu restoran\u0131 ile sizleri a\u011f\u0131rl\u0131yor!\",\"breadcrumb\":{\"@id\":\"https:\/\/www.novotelkayseri.com\/tr\/erciyes-kayak-otelleri\/#breadcrumb\"},\"inLanguage\":\"tr\",\"potentialAction\":[{\"@type\":\"ReadAction\",\"target\":[\"https:\/\/www.novotelkayseri.com\/tr\/erciyes-kayak-otelleri\/\"]}]},{\"@type\":\"ImageObject\",\"inLanguage\":\"tr\",\"@id\":\"https:\/\/www.novotelkayseri.com\/tr\/erciyes-kayak-otelleri\/#primaryimage\",\"url\":\"https:\/\/www.novotelkayseri.com\/wp-content\/uploads\/sites\/73\/2023\/12\/novotel_kayseri_superior_queen-room_gallery5-1.jpg\",\"contentUrl\":\"https:\/\/www.novotelkayseri.com\/wp-content\/uploads\/sites\/73\/2023\/12\/novotel_kayseri_superior_queen-room_gallery5-1.jpg\",\"width\":1200,\"height\":800,\"caption\":\"Erciyes Kayak Otelleri\"},{\"@type\":\"BreadcrumbList\",\"@id\":\"https:\/\/www.novotelkayseri.com\/tr\/erciyes-kayak-otelleri\/#breadcrumb\",\"itemListElement\":[{\"@type\":\"ListItem\",\"position\":1,\"name\":\"Home\",\"item\":\"https:\/\/www.novotelkayseri.com\/tr\/\"},{\"@type\":\"ListItem\",\"position\":2,\"name\":\"Erciyes Kayak Otelleri\"}]},{\"@type\":\"WebSite\",\"@id\":\"https:\/\/www.novotelkayseri.com\/#website\",\"url\":\"https:\/\/www.novotelkayseri.com\/\",\"name\":\"Novotel Kayseri\",\"description\":\"\",\"potentialAction\":[{\"@type\":\"SearchAction\",\"target\":{\"@type\":\"EntryPoint\",\"urlTemplate\":\"https:\/\/www.novotelkayseri.com\/?s={search_term_string}\"},\"query-input\":{\"@type\":\"PropertyValueSpecification\",\"valueRequired\":true,\"valueName\":\"search_term_string\"}}],\"inLanguage\":\"tr\"}]}<\/script>\n<!-- \/ Yoast SEO plugin. -->","yoast_head_json":{"title":"Erciyes Kayak Otelleri - Novotel Kayseri -","description":"Erciyes Kayak Merkezi\u2019ne sadece k\u0131sa bir mesafede bulunan Novotel Kayseri, konforlu odalar\u0131, Kayseri lezzetleriyle dolu restoran\u0131 ile sizleri a\u011f\u0131rl\u0131yor!","robots":{"index":"index","follow":"follow","max-snippet":"max-snippet:-1","max-image-preview":"max-image-preview:large","max-video-preview":"max-video-preview:-1"},"canonical":"https:\/\/www.novotelkayseri.com\/tr\/erciyes-kayak-otelleri\/","og_locale":"tr_TR","og_type":"article","og_title":"Erciyes Kayak Otelleri - Novotel Kayseri -","og_description":"Erciyes Kayak Merkezi\u2019ne sadece k\u0131sa bir mesafede bulunan Novotel Kayseri, konforlu odalar\u0131, Kayseri lezzetleriyle dolu restoran\u0131 ile sizleri a\u011f\u0131rl\u0131yor!","og_url":"https:\/\/www.novotelkayseri.com\/tr\/erciyes-kayak-otelleri\/","og_site_name":"Novotel Kayseri","article_modified_time":"2024-11-19T06:46:03+00:00","og_image":[{"width":1200,"height":800,"url":"https:\/\/www.novotelkayseri.com\/wp-content\/uploads\/sites\/73\/2023\/12\/novotel_kayseri_superior_queen-room_gallery5-1.jpg","type":"image\/jpeg"}],"twitter_card":"summary_large_image","twitter_misc":{"Tahmini okuma s\u00fcresi":"2 dakika"},"schema":{"@context":"https:\/\/schema.org","@graph":[{"@type":"WebPage","@id":"https:\/\/www.novotelkayseri.com\/tr\/erciyes-kayak-otelleri\/","url":"https:\/\/www.novotelkayseri.com\/tr\/erciyes-kayak-otelleri\/","name":"Erciyes Kayak Otelleri - Novotel Kayseri -","isPartOf":{"@id":"https:\/\/www.novotelkayseri.com\/#website"},"primaryImageOfPage":{"@id":"https:\/\/www.novotelkayseri.com\/tr\/erciyes-kayak-otelleri\/#primaryimage"},"image":{"@id":"https:\/\/www.novotelkayseri.com\/tr\/erciyes-kayak-otelleri\/#primaryimage"},"thumbnailUrl":"https:\/\/www.novotelkayseri.com\/wp-content\/uploads\/sites\/73\/2023\/12\/novotel_kayseri_superior_queen-room_gallery5-1.jpg","datePublished":"2024-11-19T06:38:48+00:00","dateModified":"2024-11-19T06:46:03+00:00","description":"Erciyes Kayak Merkezi\u2019ne sadece k\u0131sa bir mesafede bulunan Novotel Kayseri, konforlu odalar\u0131, Kayseri lezzetleriyle dolu restoran\u0131 ile sizleri a\u011f\u0131rl\u0131yor!","breadcrumb":{"@id":"https:\/\/www.novotelkayseri.com\/tr\/erciyes-kayak-otelleri\/#breadcrumb"},"inLanguage":"tr","potentialAction":[{"@type":"ReadAction","target":["https:\/\/www.novotelkayseri.com\/tr\/erciyes-kayak-otelleri\/"]}]},{"@type":"ImageObject","inLanguage":"tr","@id":"https:\/\/www.novotelkayseri.com\/tr\/erciyes-kayak-otelleri\/#primaryimage","url":"https:\/\/www.novotelkayseri.com\/wp-content\/uploads\/sites\/73\/2023\/12\/novotel_kayseri_superior_queen-room_gallery5-1.jpg","contentUrl":"https:\/\/www.novotelkayseri.com\/wp-content\/uploads\/sites\/73\/2023\/12\/novotel_kayseri_superior_queen-room_gallery5-1.jpg","width":1200,"height":800,"caption":"Erciyes Kayak Otelleri"},{"@type":"BreadcrumbList","@id":"https:\/\/www.novotelkayseri.com\/tr\/erciyes-kayak-otelleri\/#breadcrumb","itemListElement":[{"@type":"ListItem","position":1,"name":"Home","item":"https:\/\/www.novotelkayseri.com\/tr\/"},{"@type":"ListItem","position":2,"name":"Erciyes Kayak Otelleri"}]},{"@type":"WebSite","@id":"https:\/\/www.novotelkayseri.com\/#website","url":"https:\/\/www.novotelkayseri.com\/","name":"Novotel Kayseri","description":"","potentialAction":[{"@type":"SearchAction","target":{"@type":"EntryPoint","urlTemplate":"https:\/\/www.novotelkayseri.com\/?s={search_term_string}"},"query-input":{"@type":"PropertyValueSpecification","valueRequired":true,"valueName":"search_term_string"}}],"inLanguage":"tr"}]}},"_links":{"self":[{"href":"https:\/\/www.novotelkayseri.com\/tr\/wp-json\/wp\/v2\/pages\/229","targetHints":{"allow":["GET"]}}],"collection":[{"href":"https:\/\/www.novotelkayseri.com\/tr\/wp-json\/wp\/v2\/pages"}],"about":[{"href":"https:\/\/www.novotelkayseri.com\/tr\/wp-json\/wp\/v2\/types\/page"}],"author":[{"embeddable":true,"href":"https:\/\/www.novotelkayseri.com\/tr\/wp-json\/wp\/v2\/users\/95"}],"replies":[{"embeddable":true,"href":"https:\/\/www.novotelkayseri.com\/tr\/wp-json\/wp\/v2\/comments?post=229"}],"version-history":[{"count":0,"href":"https:\/\/www.novotelkayseri.com\/tr\/wp-json\/wp\/v2\/pages\/229\/revisions"}],"wp:featuredmedia":[{"embeddable":true,"href":"https:\/\/www.novotelkayseri.com\/tr\/wp-json\/wp\/v2\/media\/162"}],"wp:attachment":[{"href":"https:\/\/www.novotelkayseri.com\/tr\/wp-json\/wp\/v2\/media?parent=229"}],"wp:term":[{"taxonomy":"category","embeddable":true,"href":"https:\/\/www.novotelkayseri.com\/tr\/wp-json\/wp\/v2\/categories?post=229"}],"curies":[{"name":"wp","href":"https:\/\/api.w.org\/{rel}","templated":true}]}}