{"id":21,"date":"2023-12-01T13:40:50","date_gmt":"2023-12-01T13:40:50","guid":{"rendered":"https:\/\/novotel-kayseri.accorv2prod.decms.eu\/?page_id=21"},"modified":"2023-12-13T16:53:22","modified_gmt":"2023-12-13T16:53:22","slug":"konaklama","status":"publish","type":"page","link":"https:\/\/www.novotelkayseri.com\/tr\/konaklama\/","title":{"rendered":"Konaklama"},"content":{"rendered":"<p style=\"text-align: center;\">Novotel Kayseri, konforlu mobilyalar, huzurlu odalar, nazik ve \u00f6zverili personel ile donat\u0131lm\u0131\u015f modern bir bina ile ortaya \u00e7\u0131k\u0131yor. Y\u00fcksek h\u0131zl\u0131 internet, kablolu TV, \u00e7ay\/kahve yapma imkan\u0131 ve \u015f\u0131k tasar\u0131ml\u0131 banyolar, konuklar\u0131n konaklamalar\u0131n\u0131n keyfini \u00e7\u0131karmas\u0131n\u0131 sa\u011flar.<\/p>\n<h6 style=\"text-align: left;\">Rights \u00a9 Tamer Harteviouglu<br \/>\nFunction :Photographer<\/h6>\n","protected":false},"excerpt":{"rendered":"<p>Novotel Kayseri, konforlu mobilyalar, huzurlu odalar, nazik ve \u00f6zverili personel ile donat\u0131lm\u0131\u015f modern bir bina ile ortaya \u00e7\u0131k\u0131yor. Y\u00fcksek h\u0131zl\u0131 internet, kablolu TV, \u00e7ay\/kahve yapma imkan\u0131 ve \u015f\u0131k tasar\u0131ml\u0131 banyolar, konuklar\u0131n konaklamalar\u0131n\u0131n keyfini \u00e7\u0131karmas\u0131n\u0131 sa\u011flar. Rights \u00a9 Tamer Harteviouglu Function :Photographer<\/p>\n","protected":false},"author":3,"featured_media":0,"parent":0,"menu_order":5,"comment_status":"closed","ping_status":"closed","template":"template-rooms.php","meta":{"footnotes":""},"categories":[],"class_list":["post-21","page","type-page","status-publish","hentry"],"acf":[],"yoast_head":"<!-- This site is optimized with the Yoast SEO plugin v26.9 - https:\/\/yoast.com\/product\/yoast-seo-wordpress\/ -->\n<title>Konaklama - Novotel Kayseri -<\/title>\n<meta name=\"description\" content=\"Novotel Kayseri, konforlu mobilyalar, huzurlu odalar, nazik ve \u00f6zverili personel ile donat\u0131lm\u0131\u015f modern bir bina ile ortaya \u00e7\u0131k\u0131yor. Y\u00fcksek h\u0131zl\u0131 internet, kablolu TV, \u00e7ay\/kahve yapma imkan\u0131 ve \u015f\u0131k tasar\u0131ml\u0131 banyolar, konuklar\u0131n konaklamalar\u0131n\u0131n keyfini \u00e7\u0131karmas\u0131n\u0131 sa\u011flar.  Rights \u00a9 Tamer Harteviouglu Function :Photographer\" \/>\n<meta name=\"robots\" content=\"index, follow, max-snippet:-1, max-image-preview:large, max-video-preview:-1\" \/>\n<link rel=\"canonical\" href=\"https:\/\/www.novotelkayseri.com\/tr\/konaklama\/\" \/>\n<meta property=\"og:locale\" content=\"tr_TR\" \/>\n<meta property=\"og:type\" content=\"article\" \/>\n<meta property=\"og:title\" content=\"Konaklama - Novotel Kayseri -\" \/>\n<meta property=\"og:description\" content=\"Novotel Kayseri, konforlu mobilyalar, huzurlu odalar, nazik ve \u00f6zverili personel ile donat\u0131lm\u0131\u015f modern bir bina ile ortaya \u00e7\u0131k\u0131yor. Y\u00fcksek h\u0131zl\u0131 internet, kablolu TV, \u00e7ay\/kahve yapma imkan\u0131 ve \u015f\u0131k tasar\u0131ml\u0131 banyolar, konuklar\u0131n konaklamalar\u0131n\u0131n keyfini \u00e7\u0131karmas\u0131n\u0131 sa\u011flar.  Rights \u00a9 Tamer Harteviouglu Function :Photographer\" \/>\n<meta property=\"og:url\" content=\"https:\/\/www.novotelkayseri.com\/tr\/konaklama\/\" \/>\n<meta property=\"og:site_name\" content=\"Novotel Kayseri\" \/>\n<meta property=\"article:modified_time\" content=\"2023-12-13T16:53:22+00:00\" \/>\n<meta property=\"og:image\" content=\"https:\/\/www.novotelkayseri.com\/wp-content\/uploads\/sites\/73\/2023\/12\/novotel_kayseri_home_slide02.jpg\" \/>\n\t<meta property=\"og:image:width\" content=\"2200\" \/>\n\t<meta property=\"og:image:height\" content=\"1200\" \/>\n\t<meta property=\"og:image:type\" content=\"image\/jpeg\" \/>\n<meta name=\"twitter:card\" content=\"summary_large_image\" \/>\n<meta name=\"twitter:label1\" content=\"Tahmini okuma s\u00fcresi\" \/>\n\t<meta name=\"twitter:data1\" content=\"1 dakika\" \/>\n<script type=\"application\/ld+json\" class=\"yoast-schema-graph\">{\"@context\":\"https:\/\/schema.org\",\"@graph\":[{\"@type\":\"WebPage\",\"@id\":\"https:\/\/www.novotelkayseri.com\/tr\/konaklama\/\",\"url\":\"https:\/\/www.novotelkayseri.com\/tr\/konaklama\/\",\"name\":\"Konaklama - Novotel Kayseri -\",\"isPartOf\":{\"@id\":\"https:\/\/www.novotelkayseri.com\/#website\"},\"datePublished\":\"2023-12-01T13:40:50+00:00\",\"dateModified\":\"2023-12-13T16:53:22+00:00\",\"description\":\"Novotel Kayseri, konforlu mobilyalar, huzurlu odalar, nazik ve \u00f6zverili personel ile donat\u0131lm\u0131\u015f modern bir bina ile ortaya \u00e7\u0131k\u0131yor. Y\u00fcksek h\u0131zl\u0131 internet, kablolu TV, \u00e7ay\/kahve yapma imkan\u0131 ve \u015f\u0131k tasar\u0131ml\u0131 banyolar, konuklar\u0131n konaklamalar\u0131n\u0131n keyfini \u00e7\u0131karmas\u0131n\u0131 sa\u011flar. Rights \u00a9 Tamer Harteviouglu Function :Photographer\",\"breadcrumb\":{\"@id\":\"https:\/\/www.novotelkayseri.com\/tr\/konaklama\/#breadcrumb\"},\"inLanguage\":\"tr\",\"potentialAction\":[{\"@type\":\"ReadAction\",\"target\":[\"https:\/\/www.novotelkayseri.com\/tr\/konaklama\/\"]}]},{\"@type\":\"BreadcrumbList\",\"@id\":\"https:\/\/www.novotelkayseri.com\/tr\/konaklama\/#breadcrumb\",\"itemListElement\":[{\"@type\":\"ListItem\",\"position\":1,\"name\":\"Home\",\"item\":\"https:\/\/www.novotelkayseri.com\/tr\/\"},{\"@type\":\"ListItem\",\"position\":2,\"name\":\"Konaklama\"}]},{\"@type\":\"WebSite\",\"@id\":\"https:\/\/www.novotelkayseri.com\/#website\",\"url\":\"https:\/\/www.novotelkayseri.com\/\",\"name\":\"Novotel Kayseri\",\"description\":\"\",\"potentialAction\":[{\"@type\":\"SearchAction\",\"target\":{\"@type\":\"EntryPoint\",\"urlTemplate\":\"https:\/\/www.novotelkayseri.com\/?s={search_term_string}\"},\"query-input\":{\"@type\":\"PropertyValueSpecification\",\"valueRequired\":true,\"valueName\":\"search_term_string\"}}],\"inLanguage\":\"tr\"}]}<\/script>\n<!-- \/ Yoast SEO plugin. -->","yoast_head_json":{"title":"Konaklama - Novotel Kayseri -","description":"Novotel Kayseri, konforlu mobilyalar, huzurlu odalar, nazik ve \u00f6zverili personel ile donat\u0131lm\u0131\u015f modern bir bina ile ortaya \u00e7\u0131k\u0131yor. Y\u00fcksek h\u0131zl\u0131 internet, kablolu TV, \u00e7ay\/kahve yapma imkan\u0131 ve \u015f\u0131k tasar\u0131ml\u0131 banyolar, konuklar\u0131n konaklamalar\u0131n\u0131n keyfini \u00e7\u0131karmas\u0131n\u0131 sa\u011flar.  Rights \u00a9 Tamer Harteviouglu Function :Photographer","robots":{"index":"index","follow":"follow","max-snippet":"max-snippet:-1","max-image-preview":"max-image-preview:large","max-video-preview":"max-video-preview:-1"},"canonical":"https:\/\/www.novotelkayseri.com\/tr\/konaklama\/","og_locale":"tr_TR","og_type":"article","og_title":"Konaklama - Novotel Kayseri -","og_description":"Novotel Kayseri, konforlu mobilyalar, huzurlu odalar, nazik ve \u00f6zverili personel ile donat\u0131lm\u0131\u015f modern bir bina ile ortaya \u00e7\u0131k\u0131yor. Y\u00fcksek h\u0131zl\u0131 internet, kablolu TV, \u00e7ay\/kahve yapma imkan\u0131 ve \u015f\u0131k tasar\u0131ml\u0131 banyolar, konuklar\u0131n konaklamalar\u0131n\u0131n keyfini \u00e7\u0131karmas\u0131n\u0131 sa\u011flar.  Rights \u00a9 Tamer Harteviouglu Function :Photographer","og_url":"https:\/\/www.novotelkayseri.com\/tr\/konaklama\/","og_site_name":"Novotel Kayseri","article_modified_time":"2023-12-13T16:53:22+00:00","og_image":[{"width":2200,"height":1200,"url":"https:\/\/www.novotelkayseri.com\/wp-content\/uploads\/sites\/73\/2023\/12\/novotel_kayseri_home_slide02.jpg","type":"image\/jpeg"}],"twitter_card":"summary_large_image","twitter_misc":{"Tahmini okuma s\u00fcresi":"1 dakika"},"schema":{"@context":"https:\/\/schema.org","@graph":[{"@type":"WebPage","@id":"https:\/\/www.novotelkayseri.com\/tr\/konaklama\/","url":"https:\/\/www.novotelkayseri.com\/tr\/konaklama\/","name":"Konaklama - Novotel Kayseri -","isPartOf":{"@id":"https:\/\/www.novotelkayseri.com\/#website"},"datePublished":"2023-12-01T13:40:50+00:00","dateModified":"2023-12-13T16:53:22+00:00","description":"Novotel Kayseri, konforlu mobilyalar, huzurlu odalar, nazik ve \u00f6zverili personel ile donat\u0131lm\u0131\u015f modern bir bina ile ortaya \u00e7\u0131k\u0131yor. Y\u00fcksek h\u0131zl\u0131 internet, kablolu TV, \u00e7ay\/kahve yapma imkan\u0131 ve \u015f\u0131k tasar\u0131ml\u0131 banyolar, konuklar\u0131n konaklamalar\u0131n\u0131n keyfini \u00e7\u0131karmas\u0131n\u0131 sa\u011flar. Rights \u00a9 Tamer Harteviouglu Function :Photographer","breadcrumb":{"@id":"https:\/\/www.novotelkayseri.com\/tr\/konaklama\/#breadcrumb"},"inLanguage":"tr","potentialAction":[{"@type":"ReadAction","target":["https:\/\/www.novotelkayseri.com\/tr\/konaklama\/"]}]},{"@type":"BreadcrumbList","@id":"https:\/\/www.novotelkayseri.com\/tr\/konaklama\/#breadcrumb","itemListElement":[{"@type":"ListItem","position":1,"name":"Home","item":"https:\/\/www.novotelkayseri.com\/tr\/"},{"@type":"ListItem","position":2,"name":"Konaklama"}]},{"@type":"WebSite","@id":"https:\/\/www.novotelkayseri.com\/#website","url":"https:\/\/www.novotelkayseri.com\/","name":"Novotel Kayseri","description":"","potentialAction":[{"@type":"SearchAction","target":{"@type":"EntryPoint","urlTemplate":"https:\/\/www.novotelkayseri.com\/?s={search_term_string}"},"query-input":{"@type":"PropertyValueSpecification","valueRequired":true,"valueName":"search_term_string"}}],"inLanguage":"tr"}]}},"_links":{"self":[{"href":"https:\/\/www.novotelkayseri.com\/tr\/wp-json\/wp\/v2\/pages\/21","targetHints":{"allow":["GET"]}}],"collection":[{"href":"https:\/\/www.novotelkayseri.com\/tr\/wp-json\/wp\/v2\/pages"}],"about":[{"href":"https:\/\/www.novotelkayseri.com\/tr\/wp-json\/wp\/v2\/types\/page"}],"author":[{"embeddable":true,"href":"https:\/\/www.novotelkayseri.com\/tr\/wp-json\/wp\/v2\/users\/3"}],"replies":[{"embeddable":true,"href":"https:\/\/www.novotelkayseri.com\/tr\/wp-json\/wp\/v2\/comments?post=21"}],"version-history":[{"count":0,"href":"https:\/\/www.novotelkayseri.com\/tr\/wp-json\/wp\/v2\/pages\/21\/revisions"}],"wp:attachment":[{"href":"https:\/\/www.novotelkayseri.com\/tr\/wp-json\/wp\/v2\/media?parent=21"}],"wp:term":[{"taxonomy":"category","embeddable":true,"href":"https:\/\/www.novotelkayseri.com\/tr\/wp-json\/wp\/v2\/categories?post=21"}],"curies":[{"name":"wp","href":"https:\/\/api.w.org\/{rel}","templated":true}]}}