{"id":133,"date":"2023-12-14T15:32:27","date_gmt":"2023-12-14T15:32:27","guid":{"rendered":"https:\/\/novotel-kayseri.accorv2prod.decms.eu\/?page_id=133"},"modified":"2023-12-14T16:31:59","modified_gmt":"2023-12-14T16:31:59","slug":"toplanti","status":"publish","type":"page","link":"https:\/\/www.novotelkayseri.com\/tr\/toplanti\/","title":{"rendered":"Toplant\u0131"},"content":{"rendered":"<p>D\u00fczenledi\u011finiz toplant\u0131 t\u00fcr\u00fc ne olursa olsun, Novotel a\u011f\u0131ndan yararlanarak ba\u015far\u0131 \u015fans\u0131n\u0131z\u0131 en \u00fcst d\u00fczeye \u00e7\u0131karabilirsiniz. Y\u0131llar\u0131n deneyimi, toplant\u0131 organizasyonunda b\u00fcy\u00fck bir uzmanl\u0131k olu\u015fturmam\u0131za olanak sa\u011flam\u0131\u015ft\u0131r.<\/p>\n<p>\u0130ster k\u00fc\u00e7\u00fck, samimi bir toplant\u0131, ister d\u00fczinelerce ki\u015finin kat\u0131laca\u011f\u0131 b\u00fcy\u00fck bir etkinlik isteyin, otellerimiz her ihtiyac\u0131n\u0131z\u0131 kar\u015f\u0131layabilir ve kar\u015f\u0131layabilir. Neden hayallerinizi ger\u00e7ekle\u015ftirmemize izin vermiyorsunuz?<\/p>\n","protected":false},"excerpt":{"rendered":"<p>D\u00fczenledi\u011finiz toplant\u0131 t\u00fcr\u00fc ne olursa olsun, Novotel a\u011f\u0131ndan yararlanarak ba\u015far\u0131 \u015fans\u0131n\u0131z\u0131 en \u00fcst d\u00fczeye \u00e7\u0131karabilirsiniz. Y\u0131llar\u0131n deneyimi, toplant\u0131 organizasyonunda b\u00fcy\u00fck bir uzmanl\u0131k olu\u015fturmam\u0131za olanak sa\u011flam\u0131\u015ft\u0131r. \u0130ster k\u00fc\u00e7\u00fck, samimi bir toplant\u0131, ister d\u00fczinelerce ki\u015finin kat\u0131laca\u011f\u0131 b\u00fcy\u00fck bir etkinlik isteyin, otellerimiz her ihtiyac\u0131n\u0131z\u0131 kar\u015f\u0131layabilir ve kar\u015f\u0131layabilir. Neden hayallerinizi ger\u00e7ekle\u015ftirmemize izin vermiyorsunuz?<\/p>\n","protected":false},"author":3,"featured_media":0,"parent":0,"menu_order":40,"comment_status":"closed","ping_status":"closed","template":"template-meeting-room.php","meta":{"footnotes":""},"categories":[],"class_list":["post-133","page","type-page","status-publish","hentry"],"acf":[],"yoast_head":"<!-- This site is optimized with the Yoast SEO plugin v26.9 - https:\/\/yoast.com\/product\/yoast-seo-wordpress\/ -->\n<title>Toplant\u0131 - Novotel Kayseri -<\/title>\n<meta name=\"description\" content=\"D\u00fczenledi\u011finiz toplant\u0131 t\u00fcr\u00fc ne olursa olsun, Novotel a\u011f\u0131ndan yararlanarak ba\u015far\u0131 \u015fans\u0131n\u0131z\u0131 en \u00fcst d\u00fczeye \u00e7\u0131karabilirsiniz. Y\u0131llar\u0131n deneyimi, toplant\u0131 organizasyonunda b\u00fcy\u00fck bir uzmanl\u0131k olu\u015fturmam\u0131za olanak sa\u011flam\u0131\u015ft\u0131r.  \u0130ster k\u00fc\u00e7\u00fck, samimi bir toplant\u0131, ister d\u00fczinelerce ki\u015finin kat\u0131laca\u011f\u0131 b\u00fcy\u00fck bir etkinlik isteyin, otellerimiz her ihtiyac\u0131n\u0131z\u0131 kar\u015f\u0131layabilir ve kar\u015f\u0131layabilir\" \/>\n<meta name=\"robots\" content=\"index, follow, max-snippet:-1, max-image-preview:large, max-video-preview:-1\" \/>\n<link rel=\"canonical\" href=\"https:\/\/www.novotelkayseri.com\/tr\/toplanti\/\" \/>\n<meta property=\"og:locale\" content=\"tr_TR\" \/>\n<meta property=\"og:type\" content=\"article\" \/>\n<meta property=\"og:title\" content=\"Toplant\u0131 - Novotel Kayseri -\" \/>\n<meta property=\"og:description\" content=\"D\u00fczenledi\u011finiz toplant\u0131 t\u00fcr\u00fc ne olursa olsun, Novotel a\u011f\u0131ndan yararlanarak ba\u015far\u0131 \u015fans\u0131n\u0131z\u0131 en \u00fcst d\u00fczeye \u00e7\u0131karabilirsiniz. Y\u0131llar\u0131n deneyimi, toplant\u0131 organizasyonunda b\u00fcy\u00fck bir uzmanl\u0131k olu\u015fturmam\u0131za olanak sa\u011flam\u0131\u015ft\u0131r.  \u0130ster k\u00fc\u00e7\u00fck, samimi bir toplant\u0131, ister d\u00fczinelerce ki\u015finin kat\u0131laca\u011f\u0131 b\u00fcy\u00fck bir etkinlik isteyin, otellerimiz her ihtiyac\u0131n\u0131z\u0131 kar\u015f\u0131layabilir ve kar\u015f\u0131layabilir\" \/>\n<meta property=\"og:url\" content=\"https:\/\/www.novotelkayseri.com\/tr\/toplanti\/\" \/>\n<meta property=\"og:site_name\" content=\"Novotel Kayseri\" \/>\n<meta property=\"article:modified_time\" content=\"2023-12-14T16:31:59+00:00\" \/>\n<meta property=\"og:image\" content=\"https:\/\/www.novotelkayseri.com\/wp-content\/uploads\/sites\/73\/2023\/12\/novotel_kayseri_home_slide02.jpg\" \/>\n\t<meta property=\"og:image:width\" content=\"2200\" \/>\n\t<meta property=\"og:image:height\" content=\"1200\" \/>\n\t<meta property=\"og:image:type\" content=\"image\/jpeg\" \/>\n<meta name=\"twitter:card\" content=\"summary_large_image\" \/>\n<meta name=\"twitter:label1\" content=\"Tahmini okuma s\u00fcresi\" \/>\n\t<meta name=\"twitter:data1\" content=\"1 dakika\" \/>\n<script type=\"application\/ld+json\" class=\"yoast-schema-graph\">{\"@context\":\"https:\/\/schema.org\",\"@graph\":[{\"@type\":\"WebPage\",\"@id\":\"https:\/\/www.novotelkayseri.com\/tr\/toplanti\/\",\"url\":\"https:\/\/www.novotelkayseri.com\/tr\/toplanti\/\",\"name\":\"Toplant\u0131 - Novotel Kayseri -\",\"isPartOf\":{\"@id\":\"https:\/\/www.novotelkayseri.com\/#website\"},\"datePublished\":\"2023-12-14T15:32:27+00:00\",\"dateModified\":\"2023-12-14T16:31:59+00:00\",\"description\":\"D\u00fczenledi\u011finiz toplant\u0131 t\u00fcr\u00fc ne olursa olsun, Novotel a\u011f\u0131ndan yararlanarak ba\u015far\u0131 \u015fans\u0131n\u0131z\u0131 en \u00fcst d\u00fczeye \u00e7\u0131karabilirsiniz. Y\u0131llar\u0131n deneyimi, toplant\u0131 organizasyonunda b\u00fcy\u00fck bir uzmanl\u0131k olu\u015fturmam\u0131za olanak sa\u011flam\u0131\u015ft\u0131r. \u0130ster k\u00fc\u00e7\u00fck, samimi bir toplant\u0131, ister d\u00fczinelerce ki\u015finin kat\u0131laca\u011f\u0131 b\u00fcy\u00fck bir etkinlik isteyin, otellerimiz her ihtiyac\u0131n\u0131z\u0131 kar\u015f\u0131layabilir ve kar\u015f\u0131layabilir\",\"breadcrumb\":{\"@id\":\"https:\/\/www.novotelkayseri.com\/tr\/toplanti\/#breadcrumb\"},\"inLanguage\":\"tr\",\"potentialAction\":[{\"@type\":\"ReadAction\",\"target\":[\"https:\/\/www.novotelkayseri.com\/tr\/toplanti\/\"]}]},{\"@type\":\"BreadcrumbList\",\"@id\":\"https:\/\/www.novotelkayseri.com\/tr\/toplanti\/#breadcrumb\",\"itemListElement\":[{\"@type\":\"ListItem\",\"position\":1,\"name\":\"Home\",\"item\":\"https:\/\/www.novotelkayseri.com\/tr\/\"},{\"@type\":\"ListItem\",\"position\":2,\"name\":\"Toplant\u0131\"}]},{\"@type\":\"WebSite\",\"@id\":\"https:\/\/www.novotelkayseri.com\/#website\",\"url\":\"https:\/\/www.novotelkayseri.com\/\",\"name\":\"Novotel Kayseri\",\"description\":\"\",\"potentialAction\":[{\"@type\":\"SearchAction\",\"target\":{\"@type\":\"EntryPoint\",\"urlTemplate\":\"https:\/\/www.novotelkayseri.com\/?s={search_term_string}\"},\"query-input\":{\"@type\":\"PropertyValueSpecification\",\"valueRequired\":true,\"valueName\":\"search_term_string\"}}],\"inLanguage\":\"tr\"}]}<\/script>\n<!-- \/ Yoast SEO plugin. -->","yoast_head_json":{"title":"Toplant\u0131 - Novotel Kayseri -","description":"D\u00fczenledi\u011finiz toplant\u0131 t\u00fcr\u00fc ne olursa olsun, Novotel a\u011f\u0131ndan yararlanarak ba\u015far\u0131 \u015fans\u0131n\u0131z\u0131 en \u00fcst d\u00fczeye \u00e7\u0131karabilirsiniz. Y\u0131llar\u0131n deneyimi, toplant\u0131 organizasyonunda b\u00fcy\u00fck bir uzmanl\u0131k olu\u015fturmam\u0131za olanak sa\u011flam\u0131\u015ft\u0131r.  \u0130ster k\u00fc\u00e7\u00fck, samimi bir toplant\u0131, ister d\u00fczinelerce ki\u015finin kat\u0131laca\u011f\u0131 b\u00fcy\u00fck bir etkinlik isteyin, otellerimiz her ihtiyac\u0131n\u0131z\u0131 kar\u015f\u0131layabilir ve kar\u015f\u0131layabilir","robots":{"index":"index","follow":"follow","max-snippet":"max-snippet:-1","max-image-preview":"max-image-preview:large","max-video-preview":"max-video-preview:-1"},"canonical":"https:\/\/www.novotelkayseri.com\/tr\/toplanti\/","og_locale":"tr_TR","og_type":"article","og_title":"Toplant\u0131 - Novotel Kayseri -","og_description":"D\u00fczenledi\u011finiz toplant\u0131 t\u00fcr\u00fc ne olursa olsun, Novotel a\u011f\u0131ndan yararlanarak ba\u015far\u0131 \u015fans\u0131n\u0131z\u0131 en \u00fcst d\u00fczeye \u00e7\u0131karabilirsiniz. Y\u0131llar\u0131n deneyimi, toplant\u0131 organizasyonunda b\u00fcy\u00fck bir uzmanl\u0131k olu\u015fturmam\u0131za olanak sa\u011flam\u0131\u015ft\u0131r.  \u0130ster k\u00fc\u00e7\u00fck, samimi bir toplant\u0131, ister d\u00fczinelerce ki\u015finin kat\u0131laca\u011f\u0131 b\u00fcy\u00fck bir etkinlik isteyin, otellerimiz her ihtiyac\u0131n\u0131z\u0131 kar\u015f\u0131layabilir ve kar\u015f\u0131layabilir","og_url":"https:\/\/www.novotelkayseri.com\/tr\/toplanti\/","og_site_name":"Novotel Kayseri","article_modified_time":"2023-12-14T16:31:59+00:00","og_image":[{"width":2200,"height":1200,"url":"https:\/\/www.novotelkayseri.com\/wp-content\/uploads\/sites\/73\/2023\/12\/novotel_kayseri_home_slide02.jpg","type":"image\/jpeg"}],"twitter_card":"summary_large_image","twitter_misc":{"Tahmini okuma s\u00fcresi":"1 dakika"},"schema":{"@context":"https:\/\/schema.org","@graph":[{"@type":"WebPage","@id":"https:\/\/www.novotelkayseri.com\/tr\/toplanti\/","url":"https:\/\/www.novotelkayseri.com\/tr\/toplanti\/","name":"Toplant\u0131 - Novotel Kayseri -","isPartOf":{"@id":"https:\/\/www.novotelkayseri.com\/#website"},"datePublished":"2023-12-14T15:32:27+00:00","dateModified":"2023-12-14T16:31:59+00:00","description":"D\u00fczenledi\u011finiz toplant\u0131 t\u00fcr\u00fc ne olursa olsun, Novotel a\u011f\u0131ndan yararlanarak ba\u015far\u0131 \u015fans\u0131n\u0131z\u0131 en \u00fcst d\u00fczeye \u00e7\u0131karabilirsiniz. Y\u0131llar\u0131n deneyimi, toplant\u0131 organizasyonunda b\u00fcy\u00fck bir uzmanl\u0131k olu\u015fturmam\u0131za olanak sa\u011flam\u0131\u015ft\u0131r. \u0130ster k\u00fc\u00e7\u00fck, samimi bir toplant\u0131, ister d\u00fczinelerce ki\u015finin kat\u0131laca\u011f\u0131 b\u00fcy\u00fck bir etkinlik isteyin, otellerimiz her ihtiyac\u0131n\u0131z\u0131 kar\u015f\u0131layabilir ve kar\u015f\u0131layabilir","breadcrumb":{"@id":"https:\/\/www.novotelkayseri.com\/tr\/toplanti\/#breadcrumb"},"inLanguage":"tr","potentialAction":[{"@type":"ReadAction","target":["https:\/\/www.novotelkayseri.com\/tr\/toplanti\/"]}]},{"@type":"BreadcrumbList","@id":"https:\/\/www.novotelkayseri.com\/tr\/toplanti\/#breadcrumb","itemListElement":[{"@type":"ListItem","position":1,"name":"Home","item":"https:\/\/www.novotelkayseri.com\/tr\/"},{"@type":"ListItem","position":2,"name":"Toplant\u0131"}]},{"@type":"WebSite","@id":"https:\/\/www.novotelkayseri.com\/#website","url":"https:\/\/www.novotelkayseri.com\/","name":"Novotel Kayseri","description":"","potentialAction":[{"@type":"SearchAction","target":{"@type":"EntryPoint","urlTemplate":"https:\/\/www.novotelkayseri.com\/?s={search_term_string}"},"query-input":{"@type":"PropertyValueSpecification","valueRequired":true,"valueName":"search_term_string"}}],"inLanguage":"tr"}]}},"_links":{"self":[{"href":"https:\/\/www.novotelkayseri.com\/tr\/wp-json\/wp\/v2\/pages\/133","targetHints":{"allow":["GET"]}}],"collection":[{"href":"https:\/\/www.novotelkayseri.com\/tr\/wp-json\/wp\/v2\/pages"}],"about":[{"href":"https:\/\/www.novotelkayseri.com\/tr\/wp-json\/wp\/v2\/types\/page"}],"author":[{"embeddable":true,"href":"https:\/\/www.novotelkayseri.com\/tr\/wp-json\/wp\/v2\/users\/3"}],"replies":[{"embeddable":true,"href":"https:\/\/www.novotelkayseri.com\/tr\/wp-json\/wp\/v2\/comments?post=133"}],"version-history":[{"count":0,"href":"https:\/\/www.novotelkayseri.com\/tr\/wp-json\/wp\/v2\/pages\/133\/revisions"}],"wp:attachment":[{"href":"https:\/\/www.novotelkayseri.com\/tr\/wp-json\/wp\/v2\/media?parent=133"}],"wp:term":[{"taxonomy":"category","embeddable":true,"href":"https:\/\/www.novotelkayseri.com\/tr\/wp-json\/wp\/v2\/categories?post=133"}],"curies":[{"name":"wp","href":"https:\/\/api.w.org\/{rel}","templated":true}]}}